{"id":35,"date":"2016-08-17T19:32:45","date_gmt":"2016-08-17T17:32:45","guid":{"rendered":"http:\/\/mf-oetlingen.de\/?page_id=35"},"modified":"2016-09-18T09:51:29","modified_gmt":"2016-09-18T07:51:29","slug":"ueber-uns","status":"publish","type":"page","link":"https:\/\/rotgockel.de\/?page_id=35","title":{"rendered":"\u00dcber uns"},"content":{"rendered":"<p>Gegr\u00fcndet wurden die Motorradfreunde \u00d6tlingen e.V. am 29.07.2006 von Alfred Charwat, Wolfgang Meyer, einigen Stammg\u00e4sten der Gastst\u00e4tte \u201eZom Alfred\u201c und einer Gruppe von Motorradfahrern.<\/p>\n<p>Einige stammten aus \u00d6tlingen sodass es nahe liegend war sich bei Alfred zu treffen. Alfred machte den Vorschlag sich zusammen zu tun und einen Verein zu gr\u00fcnden. Bis es dann soweit war ging fast ein Jahr herum. Allen war klar das es ein eingetragener Verein werden sollte. Sodann beantragte man die Eintragung als Verein \u2013 und am 28.08.06 war es dann soweit.<\/p>\n<p>Als Zeichen der Zusammengeh\u00f6rigkeit sollte ein Brust- und R\u00fcckenlogo entworfen werden. Nach wochenlanger Pr\u00fcfung aller Entw\u00fcrfe einigte man sich auf den \u00d6tlinger Rotgockel der aus einer Sage um \u00d6tlingen entstanden ist. Wir wollten damit unsere Verbundenheit mit \u00d6tlingen zum Ausdruck bringen. Unser Dank gilt Bernd Meyer der das Rotgockel-Logo mit Motorrad entwarf.<\/p>\n<p>Bei der Gr\u00fcndung waren wir 17 Mitglieder\/innen. Kurze Zeit sp\u00e4ter waren es bereits 29. Zum November 2007 sind wir 39.<\/p>\n<p>Ob Harley-Davidson, oder Joghurtbecher \u2013 bei uns kann man fahren was man will \u2013 Hauptsache es ist ein Motorrad. Unsere Altersgruppe liegt zwischen 30 und 60 Jahre, wobei die meisten schon sehr lange Motorrad fahren \u2013 wir haben aber auch Anf\u00e4nger in unseren Reihen.<\/p>\n<p><a href=\"http:\/\/rotgockel.de\/wp-content\/uploads\/2016\/09\/motorradfreunde_gruppenfoto.jpg\"><img loading=\"lazy\" decoding=\"async\" class=\"aligncenter wp-image-1598 size-medium\" src=\"http:\/\/rotgockel.de\/wp-content\/uploads\/2016\/09\/motorradfreunde_gruppenfoto-300x74.jpg\" alt=\"motorradfreunde_gruppenfoto\" width=\"300\" height=\"74\" srcset=\"https:\/\/rotgockel.de\/wp-content\/uploads\/2016\/09\/motorradfreunde_gruppenfoto-300x74.jpg 300w, https:\/\/rotgockel.de\/wp-content\/uploads\/2016\/09\/motorradfreunde_gruppenfoto-250x61.jpg 250w, https:\/\/rotgockel.de\/wp-content\/uploads\/2016\/09\/motorradfreunde_gruppenfoto-150x37.jpg 150w, https:\/\/rotgockel.de\/wp-content\/uploads\/2016\/09\/motorradfreunde_gruppenfoto.jpg 600w\" sizes=\"auto, (max-width: 300px) 100vw, 300px\" \/><\/a><\/p>\n<p>Stammtisch ist immer der 1. Samstag im Monat im Vereinsheim der Motorradfreunde Rotgockel. Ort: Bahnhof,\u00a0Uracherstr.71\u00a0in 73230 Kirchheim\/Teck Stadtteil \u00d6tlingen.<br \/>\nBeginn: ab 19 Uhr. \u00a0G\u00e4ste sind uns immer willkommen und wer wei\u00df \u2013 vielleicht wird ja auch mehr daraus.<\/p>\n<p>&nbsp;<\/p>\n","protected":false},"excerpt":{"rendered":"<p>Gegr\u00fcndet wurden die Motorradfreunde \u00d6tlingen e.V. am 29.07.2006 von Alfred Charwat, Wolfgang Meyer, einigen Stammg\u00e4sten der Gastst\u00e4tte \u201eZom Alfred\u201c und einer Gruppe von Motorradfahrern. Einige stammten aus \u00d6tlingen sodass es nahe liegend war sich bei Alfred zu treffen. Alfred machte den Vorschlag sich zusammen zu tun und einen Verein zu gr\u00fcnden. Bis es dann soweit war ging fast ein Jahr herum. Allen war klar das es ein eingetragener Verein werden sollte. Sodann beantragte man die Eintragung als Verein \u2013 und am 28.08.06 war es dann soweit. Als Zeichen der Zusammengeh\u00f6rigkeit sollte ein Brust- und R\u00fcckenlogo entworfen werden. Nach wochenlanger Pr\u00fcfung aller Entw\u00fcrfe einigte man sich auf den \u00d6tlinger Rotgockel der aus einer Sage um \u00d6tlingen entstanden ist. Wir wollten damit unsere Verbundenheit mit \u00d6tlingen zum Ausdruck bringen. Unser Dank gilt Bernd Meyer der das Rotgockel-Logo mit Motorrad entwarf. Bei der Gr\u00fcndung waren wir 17 Mitglieder\/innen. Kurze Zeit sp\u00e4ter waren es bereits 29. Zum November 2007 sind wir 39. Ob Harley-Davidson, oder Joghurtbecher \u2013 bei uns kann man fahren was man will \u2013 Hauptsache es ist ein Motorrad. Unsere Altersgruppe liegt zwischen 30 und 60 Jahre, wobei die meisten schon sehr lange Motorrad fahren \u2013 wir haben aber auch Anf\u00e4nger in \u2026<\/p>\n<p class=\"continue-reading-button\"> <a class=\"continue-reading-link\" href=\"https:\/\/rotgockel.de\/?page_id=35\">Hier weiterlesen<i class=\"crycon-right-dir\"><\/i><\/a><\/p>\n","protected":false},"author":1,"featured_media":0,"parent":0,"menu_order":0,"comment_status":"closed","ping_status":"closed","template":"","meta":{"footnotes":""},"class_list":["post-35","page","type-page","status-publish","hentry"],"yoast_head":"<!-- This site is optimized with the Yoast SEO plugin v27.2 - https:\/\/yoast.com\/product\/yoast-seo-wordpress\/ -->\n<title>\u00dcber uns - Motorradfreunde \u00d6tlingen 2006 e.V.<\/title>\n<meta name=\"robots\" content=\"index, follow, max-snippet:-1, max-image-preview:large, max-video-preview:-1\" \/>\n<link rel=\"canonical\" href=\"https:\/\/rotgockel.de\/?page_id=35\" \/>\n<meta property=\"og:locale\" content=\"de_DE\" \/>\n<meta property=\"og:type\" content=\"article\" \/>\n<meta property=\"og:title\" content=\"\u00dcber uns - Motorradfreunde \u00d6tlingen 2006 e.V.\" \/>\n<meta property=\"og:description\" content=\"Gegr\u00fcndet wurden die Motorradfreunde \u00d6tlingen e.V. am 29.07.2006 von Alfred Charwat, Wolfgang Meyer, einigen Stammg\u00e4sten der Gastst\u00e4tte \u201eZom Alfred\u201c und einer Gruppe von Motorradfahrern. Einige stammten aus \u00d6tlingen sodass es nahe liegend war sich bei Alfred zu treffen. Alfred machte den Vorschlag sich zusammen zu tun und einen Verein zu gr\u00fcnden. Bis es dann soweit war ging fast ein Jahr herum. Allen war klar das es ein eingetragener Verein werden sollte. Sodann beantragte man die Eintragung als Verein \u2013 und am 28.08.06 war es dann soweit. Als Zeichen der Zusammengeh\u00f6rigkeit sollte ein Brust- und R\u00fcckenlogo entworfen werden. Nach wochenlanger Pr\u00fcfung aller Entw\u00fcrfe einigte man sich auf den \u00d6tlinger Rotgockel der aus einer Sage um \u00d6tlingen entstanden ist. Wir wollten damit unsere Verbundenheit mit \u00d6tlingen zum Ausdruck bringen. Unser Dank gilt Bernd Meyer der das Rotgockel-Logo mit Motorrad entwarf. Bei der Gr\u00fcndung waren wir 17 Mitglieder\/innen. Kurze Zeit sp\u00e4ter waren es bereits 29. Zum November 2007 sind wir 39. Ob Harley-Davidson, oder Joghurtbecher \u2013 bei uns kann man fahren was man will \u2013 Hauptsache es ist ein Motorrad. Unsere Altersgruppe liegt zwischen 30 und 60 Jahre, wobei die meisten schon sehr lange Motorrad fahren \u2013 wir haben aber auch Anf\u00e4nger in \u2026 Hier weiterlesen\" \/>\n<meta property=\"og:url\" content=\"https:\/\/rotgockel.de\/?page_id=35\" \/>\n<meta property=\"og:site_name\" content=\"Motorradfreunde \u00d6tlingen 2006 e.V.\" \/>\n<meta property=\"article:publisher\" content=\"https:\/\/www.facebook.com\/groups\/566248620159168\/\" \/>\n<meta property=\"article:modified_time\" content=\"2016-09-18T07:51:29+00:00\" \/>\n<meta property=\"og:image\" content=\"http:\/\/rotgockel.de\/wp-content\/uploads\/2016\/09\/motorradfreunde_gruppenfoto-300x74.jpg\" \/>\n<meta name=\"twitter:card\" content=\"summary_large_image\" \/>\n<meta name=\"twitter:label1\" content=\"Gesch\u00e4tzte Lesezeit\" \/>\n\t<meta name=\"twitter:data1\" content=\"1\u00a0Minute\" \/>\n<script type=\"application\/ld+json\" class=\"yoast-schema-graph\">{\"@context\":\"https:\/\/schema.org\",\"@graph\":[{\"@type\":\"WebPage\",\"@id\":\"https:\/\/rotgockel.de\/?page_id=35\",\"url\":\"https:\/\/rotgockel.de\/?page_id=35\",\"name\":\"\u00dcber uns - Motorradfreunde \u00d6tlingen 2006 e.V.\",\"isPartOf\":{\"@id\":\"https:\/\/rotgockel.de\/#website\"},\"primaryImageOfPage\":{\"@id\":\"https:\/\/rotgockel.de\/?page_id=35#primaryimage\"},\"image\":{\"@id\":\"https:\/\/rotgockel.de\/?page_id=35#primaryimage\"},\"thumbnailUrl\":\"http:\/\/rotgockel.de\/wp-content\/uploads\/2016\/09\/motorradfreunde_gruppenfoto-300x74.jpg\",\"datePublished\":\"2016-08-17T17:32:45+00:00\",\"dateModified\":\"2016-09-18T07:51:29+00:00\",\"breadcrumb\":{\"@id\":\"https:\/\/rotgockel.de\/?page_id=35#breadcrumb\"},\"inLanguage\":\"de\",\"potentialAction\":[{\"@type\":\"ReadAction\",\"target\":[\"https:\/\/rotgockel.de\/?page_id=35\"]}]},{\"@type\":\"ImageObject\",\"inLanguage\":\"de\",\"@id\":\"https:\/\/rotgockel.de\/?page_id=35#primaryimage\",\"url\":\"http:\/\/rotgockel.de\/wp-content\/uploads\/2016\/09\/motorradfreunde_gruppenfoto-300x74.jpg\",\"contentUrl\":\"http:\/\/rotgockel.de\/wp-content\/uploads\/2016\/09\/motorradfreunde_gruppenfoto-300x74.jpg\"},{\"@type\":\"BreadcrumbList\",\"@id\":\"https:\/\/rotgockel.de\/?page_id=35#breadcrumb\",\"itemListElement\":[{\"@type\":\"ListItem\",\"position\":1,\"name\":\"Startseite\",\"item\":\"https:\/\/rotgockel.de\/\"},{\"@type\":\"ListItem\",\"position\":2,\"name\":\"\u00dcber uns\"}]},{\"@type\":\"WebSite\",\"@id\":\"https:\/\/rotgockel.de\/#website\",\"url\":\"https:\/\/rotgockel.de\/\",\"name\":\"Motorradfreunde \u00d6tlingen 2006 e.V.\",\"description\":\"\",\"potentialAction\":[{\"@type\":\"SearchAction\",\"target\":{\"@type\":\"EntryPoint\",\"urlTemplate\":\"https:\/\/rotgockel.de\/?s={search_term_string}\"},\"query-input\":{\"@type\":\"PropertyValueSpecification\",\"valueRequired\":true,\"valueName\":\"search_term_string\"}}],\"inLanguage\":\"de\"}]}<\/script>\n<!-- \/ Yoast SEO plugin. -->","yoast_head_json":{"title":"\u00dcber uns - Motorradfreunde \u00d6tlingen 2006 e.V.","robots":{"index":"index","follow":"follow","max-snippet":"max-snippet:-1","max-image-preview":"max-image-preview:large","max-video-preview":"max-video-preview:-1"},"canonical":"https:\/\/rotgockel.de\/?page_id=35","og_locale":"de_DE","og_type":"article","og_title":"\u00dcber uns - Motorradfreunde \u00d6tlingen 2006 e.V.","og_description":"Gegr\u00fcndet wurden die Motorradfreunde \u00d6tlingen e.V. am 29.07.2006 von Alfred Charwat, Wolfgang Meyer, einigen Stammg\u00e4sten der Gastst\u00e4tte \u201eZom Alfred\u201c und einer Gruppe von Motorradfahrern. Einige stammten aus \u00d6tlingen sodass es nahe liegend war sich bei Alfred zu treffen. Alfred machte den Vorschlag sich zusammen zu tun und einen Verein zu gr\u00fcnden. Bis es dann soweit war ging fast ein Jahr herum. Allen war klar das es ein eingetragener Verein werden sollte. Sodann beantragte man die Eintragung als Verein \u2013 und am 28.08.06 war es dann soweit. Als Zeichen der Zusammengeh\u00f6rigkeit sollte ein Brust- und R\u00fcckenlogo entworfen werden. Nach wochenlanger Pr\u00fcfung aller Entw\u00fcrfe einigte man sich auf den \u00d6tlinger Rotgockel der aus einer Sage um \u00d6tlingen entstanden ist. Wir wollten damit unsere Verbundenheit mit \u00d6tlingen zum Ausdruck bringen. Unser Dank gilt Bernd Meyer der das Rotgockel-Logo mit Motorrad entwarf. Bei der Gr\u00fcndung waren wir 17 Mitglieder\/innen. Kurze Zeit sp\u00e4ter waren es bereits 29. Zum November 2007 sind wir 39. Ob Harley-Davidson, oder Joghurtbecher \u2013 bei uns kann man fahren was man will \u2013 Hauptsache es ist ein Motorrad. Unsere Altersgruppe liegt zwischen 30 und 60 Jahre, wobei die meisten schon sehr lange Motorrad fahren \u2013 wir haben aber auch Anf\u00e4nger in \u2026 Hier weiterlesen","og_url":"https:\/\/rotgockel.de\/?page_id=35","og_site_name":"Motorradfreunde \u00d6tlingen 2006 e.V.","article_publisher":"https:\/\/www.facebook.com\/groups\/566248620159168\/","article_modified_time":"2016-09-18T07:51:29+00:00","og_image":[{"url":"http:\/\/rotgockel.de\/wp-content\/uploads\/2016\/09\/motorradfreunde_gruppenfoto-300x74.jpg","type":"","width":"","height":""}],"twitter_card":"summary_large_image","twitter_misc":{"Gesch\u00e4tzte Lesezeit":"1\u00a0Minute"},"schema":{"@context":"https:\/\/schema.org","@graph":[{"@type":"WebPage","@id":"https:\/\/rotgockel.de\/?page_id=35","url":"https:\/\/rotgockel.de\/?page_id=35","name":"\u00dcber uns - Motorradfreunde \u00d6tlingen 2006 e.V.","isPartOf":{"@id":"https:\/\/rotgockel.de\/#website"},"primaryImageOfPage":{"@id":"https:\/\/rotgockel.de\/?page_id=35#primaryimage"},"image":{"@id":"https:\/\/rotgockel.de\/?page_id=35#primaryimage"},"thumbnailUrl":"http:\/\/rotgockel.de\/wp-content\/uploads\/2016\/09\/motorradfreunde_gruppenfoto-300x74.jpg","datePublished":"2016-08-17T17:32:45+00:00","dateModified":"2016-09-18T07:51:29+00:00","breadcrumb":{"@id":"https:\/\/rotgockel.de\/?page_id=35#breadcrumb"},"inLanguage":"de","potentialAction":[{"@type":"ReadAction","target":["https:\/\/rotgockel.de\/?page_id=35"]}]},{"@type":"ImageObject","inLanguage":"de","@id":"https:\/\/rotgockel.de\/?page_id=35#primaryimage","url":"http:\/\/rotgockel.de\/wp-content\/uploads\/2016\/09\/motorradfreunde_gruppenfoto-300x74.jpg","contentUrl":"http:\/\/rotgockel.de\/wp-content\/uploads\/2016\/09\/motorradfreunde_gruppenfoto-300x74.jpg"},{"@type":"BreadcrumbList","@id":"https:\/\/rotgockel.de\/?page_id=35#breadcrumb","itemListElement":[{"@type":"ListItem","position":1,"name":"Startseite","item":"https:\/\/rotgockel.de\/"},{"@type":"ListItem","position":2,"name":"\u00dcber uns"}]},{"@type":"WebSite","@id":"https:\/\/rotgockel.de\/#website","url":"https:\/\/rotgockel.de\/","name":"Motorradfreunde \u00d6tlingen 2006 e.V.","description":"","potentialAction":[{"@type":"SearchAction","target":{"@type":"EntryPoint","urlTemplate":"https:\/\/rotgockel.de\/?s={search_term_string}"},"query-input":{"@type":"PropertyValueSpecification","valueRequired":true,"valueName":"search_term_string"}}],"inLanguage":"de"}]}},"_links":{"self":[{"href":"https:\/\/rotgockel.de\/index.php?rest_route=\/wp\/v2\/pages\/35","targetHints":{"allow":["GET"]}}],"collection":[{"href":"https:\/\/rotgockel.de\/index.php?rest_route=\/wp\/v2\/pages"}],"about":[{"href":"https:\/\/rotgockel.de\/index.php?rest_route=\/wp\/v2\/types\/page"}],"author":[{"embeddable":true,"href":"https:\/\/rotgockel.de\/index.php?rest_route=\/wp\/v2\/users\/1"}],"replies":[{"embeddable":true,"href":"https:\/\/rotgockel.de\/index.php?rest_route=%2Fwp%2Fv2%2Fcomments&post=35"}],"version-history":[{"count":8,"href":"https:\/\/rotgockel.de\/index.php?rest_route=\/wp\/v2\/pages\/35\/revisions"}],"predecessor-version":[{"id":1600,"href":"https:\/\/rotgockel.de\/index.php?rest_route=\/wp\/v2\/pages\/35\/revisions\/1600"}],"wp:attachment":[{"href":"https:\/\/rotgockel.de\/index.php?rest_route=%2Fwp%2Fv2%2Fmedia&parent=35"}],"curies":[{"name":"wp","href":"https:\/\/api.w.org\/{rel}","templated":true}]}}