{"id":43,"date":"2016-08-17T19:45:09","date_gmt":"2016-08-17T17:45:09","guid":{"rendered":"http:\/\/mf-oetlingen.de\/?page_id=43"},"modified":"2025-03-17T12:42:33","modified_gmt":"2025-03-17T11:42:33","slug":"impressum","status":"publish","type":"page","link":"https:\/\/rotgockel.de\/?page_id=43","title":{"rendered":"Impressum"},"content":{"rendered":"<p>Motorradfreunde \u00d6tlingen 2006 e.V.<br \/>Uracher Strasse 71<br \/>D-73230 Kirchheim\/\u00d6tlingen<\/p>\n<p>E-Mail: info(at)rotgockel.de<br \/>Internet: www.rotgockel.de<\/p>\n<p>Vertretungsberechtigter Vorstand:<\/p>\n<p>Wolfgang Meyer (1. Vorsitzender)<br \/>Martin Loser (2. Vorsitzender)<\/p>\n<p>Registergericht: Amtsgericht Kirchheim unter Teck<br \/>Registernummer: VR 230544<\/p>\n<p>Inhaltlich Verantwortlicher gem\u00e4\u00df $ 10 Absatz 3 MDStV:<\/p>\n<p>Wolfgang Meyer (Anschrift wie oben)<\/p>\n<p>Haftungshinweis: Trotz sorgf\u00e4ltiger inhaltlicher Kontrolle \u00fcbernehmen wir keine Haftung f\u00fcr die Inhalte externer Links. F\u00fcr den Inhalt der verlinkten Seiten sind ausschlie\u00dflich deren Betreiber verantwortlich.<\/p>\n<p>Bankverbindung:<\/p>\n<p>Motorradfreunde \u00d6tlingen 2006 e.V.<br \/>Volksbank Kirchheim-N\u00fcrtingen<br \/>IBAN:&nbsp;DE26 6129 0120 0369 1960 07<br \/>BIC: GENODES1NUE (N\u00fcrtingen)<\/p>\n\n\n<h2 class=\"wp-block-heading\">Konzept &amp; Realisierung<\/h2>\n\n\n\n<div class=\"wp-block-columns is-layout-flex wp-container-core-columns-is-layout-9d6595d7 wp-block-columns-is-layout-flex\">\n<div class=\"wp-block-column is-layout-flow wp-block-column-is-layout-flow\">\n<div class=\"wp-block-group\"><div class=\"wp-block-group__inner-container is-layout-constrained wp-block-group-is-layout-constrained\">\n<p><\/p>\n\n\n\n<p class=\"has-text-align-center\">Frank Bunz | Fotodesign<br> <br>Hauptstr. 9<br>73235 Weilheim an der Teck<br><a href=\"http:\/\/www.frankbunz.com\" target=\"_blank\" rel=\"noreferrer noopener\">www.frankbunz.com<\/a><\/p>\n<\/div><\/div>\n<\/div>\n\n\n\n<div class=\"wp-block-column is-layout-flow wp-block-column-is-layout-flow\"><div class=\"wp-block-image is-resized is-style-default\">\n<figure class=\"aligncenter size-full\"><a href=\"http:\/\/www.frankbunz.com\" target=\"_blank\" rel=\"noreferrer noopener\"><img loading=\"lazy\" decoding=\"async\" width=\"200\" height=\"200\" src=\"https:\/\/rotgockel.de\/wp-content\/uploads\/2021\/07\/fotodesign_frank_bunz.png\" alt=\"Frank Bunz | Fotodesign\" class=\"wp-image-3173\" title=\"Frank Bunz | Fotodesign\" srcset=\"https:\/\/rotgockel.de\/wp-content\/uploads\/2021\/07\/fotodesign_frank_bunz.png 200w, https:\/\/rotgockel.de\/wp-content\/uploads\/2021\/07\/fotodesign_frank_bunz-150x150.png 150w\" sizes=\"auto, (max-width: 200px) 100vw, 200px\" \/><\/a><\/figure>\n<\/div><\/div>\n<\/div>\n\n\n\n<p><\/p>\n","protected":false},"excerpt":{"rendered":"<p>Motorradfreunde \u00d6tlingen 2006 e.V.Uracher Strasse 71D-73230 Kirchheim\/\u00d6tlingen E-Mail: info(at)rotgockel.deInternet: www.rotgockel.de Vertretungsberechtigter Vorstand: Wolfgang Meyer (1. Vorsitzender)Martin Loser (2. Vorsitzender) Registergericht: Amtsgericht Kirchheim unter TeckRegisternummer: VR 230544 Inhaltlich Verantwortlicher gem\u00e4\u00df $ 10 Absatz 3 MDStV: Wolfgang Meyer (Anschrift wie oben) Haftungshinweis: Trotz sorgf\u00e4ltiger inhaltlicher Kontrolle \u00fcbernehmen wir keine Haftung f\u00fcr die Inhalte externer Links. F\u00fcr den Inhalt der verlinkten Seiten sind ausschlie\u00dflich deren Betreiber verantwortlich. Bankverbindung: Motorradfreunde \u00d6tlingen 2006 e.V.Volksbank Kirchheim-N\u00fcrtingenIBAN:&nbsp;DE26 6129 0120 0369 1960 07BIC: GENODES1NUE (N\u00fcrtingen) Konzept &amp; Realisierung Frank Bunz | Fotodesign Hauptstr. 973235 Weilheim an der Teckwww.frankbunz.com<\/p>\n<p class=\"continue-reading-button\"> <a class=\"continue-reading-link\" href=\"https:\/\/rotgockel.de\/?page_id=43\">Hier weiterlesen<i class=\"crycon-right-dir\"><\/i><\/a><\/p>\n","protected":false},"author":1,"featured_media":0,"parent":0,"menu_order":0,"comment_status":"closed","ping_status":"closed","template":"","meta":{"footnotes":""},"class_list":["post-43","page","type-page","status-publish","hentry"],"yoast_head":"<!-- This site is optimized with the Yoast SEO plugin v27.2 - https:\/\/yoast.com\/product\/yoast-seo-wordpress\/ -->\n<title>Impressum - Motorradfreunde \u00d6tlingen 2006 e.V.<\/title>\n<meta name=\"robots\" content=\"index, follow, max-snippet:-1, max-image-preview:large, max-video-preview:-1\" \/>\n<link rel=\"canonical\" href=\"https:\/\/rotgockel.de\/?page_id=43\" \/>\n<meta property=\"og:locale\" content=\"de_DE\" \/>\n<meta property=\"og:type\" content=\"article\" \/>\n<meta property=\"og:title\" content=\"Impressum - Motorradfreunde \u00d6tlingen 2006 e.V.\" \/>\n<meta property=\"og:description\" content=\"Motorradfreunde \u00d6tlingen 2006 e.V.Uracher Strasse 71D-73230 Kirchheim\/\u00d6tlingen E-Mail: info(at)rotgockel.deInternet: www.rotgockel.de Vertretungsberechtigter Vorstand: Wolfgang Meyer (1. Vorsitzender)Martin Loser (2. Vorsitzender) Registergericht: Amtsgericht Kirchheim unter TeckRegisternummer: VR 230544 Inhaltlich Verantwortlicher gem\u00e4\u00df $ 10 Absatz 3 MDStV: Wolfgang Meyer (Anschrift wie oben) Haftungshinweis: Trotz sorgf\u00e4ltiger inhaltlicher Kontrolle \u00fcbernehmen wir keine Haftung f\u00fcr die Inhalte externer Links. F\u00fcr den Inhalt der verlinkten Seiten sind ausschlie\u00dflich deren Betreiber verantwortlich. Bankverbindung: Motorradfreunde \u00d6tlingen 2006 e.V.Volksbank Kirchheim-N\u00fcrtingenIBAN:&nbsp;DE26 6129 0120 0369 1960 07BIC: GENODES1NUE (N\u00fcrtingen) Konzept &amp; Realisierung Frank Bunz | Fotodesign Hauptstr. 973235 Weilheim an der Teckwww.frankbunz.com Hier weiterlesen\" \/>\n<meta property=\"og:url\" content=\"https:\/\/rotgockel.de\/?page_id=43\" \/>\n<meta property=\"og:site_name\" content=\"Motorradfreunde \u00d6tlingen 2006 e.V.\" \/>\n<meta property=\"article:publisher\" content=\"https:\/\/www.facebook.com\/groups\/566248620159168\/\" \/>\n<meta property=\"article:modified_time\" content=\"2025-03-17T11:42:33+00:00\" \/>\n<meta property=\"og:image\" content=\"https:\/\/rotgockel.de\/wp-content\/uploads\/2021\/07\/fotodesign_frank_bunz.png\" \/>\n<meta name=\"twitter:card\" content=\"summary_large_image\" \/>\n<meta name=\"twitter:label1\" content=\"Gesch\u00e4tzte Lesezeit\" \/>\n\t<meta name=\"twitter:data1\" content=\"1\u00a0Minute\" \/>\n<script type=\"application\/ld+json\" class=\"yoast-schema-graph\">{\"@context\":\"https:\/\/schema.org\",\"@graph\":[{\"@type\":\"WebPage\",\"@id\":\"https:\/\/rotgockel.de\/?page_id=43\",\"url\":\"https:\/\/rotgockel.de\/?page_id=43\",\"name\":\"Impressum - Motorradfreunde \u00d6tlingen 2006 e.V.\",\"isPartOf\":{\"@id\":\"https:\/\/rotgockel.de\/#website\"},\"primaryImageOfPage\":{\"@id\":\"https:\/\/rotgockel.de\/?page_id=43#primaryimage\"},\"image\":{\"@id\":\"https:\/\/rotgockel.de\/?page_id=43#primaryimage\"},\"thumbnailUrl\":\"https:\/\/rotgockel.de\/wp-content\/uploads\/2021\/07\/fotodesign_frank_bunz.png\",\"datePublished\":\"2016-08-17T17:45:09+00:00\",\"dateModified\":\"2025-03-17T11:42:33+00:00\",\"breadcrumb\":{\"@id\":\"https:\/\/rotgockel.de\/?page_id=43#breadcrumb\"},\"inLanguage\":\"de\",\"potentialAction\":[{\"@type\":\"ReadAction\",\"target\":[\"https:\/\/rotgockel.de\/?page_id=43\"]}]},{\"@type\":\"ImageObject\",\"inLanguage\":\"de\",\"@id\":\"https:\/\/rotgockel.de\/?page_id=43#primaryimage\",\"url\":\"https:\/\/rotgockel.de\/wp-content\/uploads\/2021\/07\/fotodesign_frank_bunz.png\",\"contentUrl\":\"https:\/\/rotgockel.de\/wp-content\/uploads\/2021\/07\/fotodesign_frank_bunz.png\",\"width\":200,\"height\":200,\"caption\":\"Fotodesign - Frank Bunz\"},{\"@type\":\"BreadcrumbList\",\"@id\":\"https:\/\/rotgockel.de\/?page_id=43#breadcrumb\",\"itemListElement\":[{\"@type\":\"ListItem\",\"position\":1,\"name\":\"Startseite\",\"item\":\"https:\/\/rotgockel.de\/\"},{\"@type\":\"ListItem\",\"position\":2,\"name\":\"Impressum\"}]},{\"@type\":\"WebSite\",\"@id\":\"https:\/\/rotgockel.de\/#website\",\"url\":\"https:\/\/rotgockel.de\/\",\"name\":\"Motorradfreunde \u00d6tlingen 2006 e.V.\",\"description\":\"\",\"potentialAction\":[{\"@type\":\"SearchAction\",\"target\":{\"@type\":\"EntryPoint\",\"urlTemplate\":\"https:\/\/rotgockel.de\/?s={search_term_string}\"},\"query-input\":{\"@type\":\"PropertyValueSpecification\",\"valueRequired\":true,\"valueName\":\"search_term_string\"}}],\"inLanguage\":\"de\"}]}<\/script>\n<!-- \/ Yoast SEO plugin. -->","yoast_head_json":{"title":"Impressum - Motorradfreunde \u00d6tlingen 2006 e.V.","robots":{"index":"index","follow":"follow","max-snippet":"max-snippet:-1","max-image-preview":"max-image-preview:large","max-video-preview":"max-video-preview:-1"},"canonical":"https:\/\/rotgockel.de\/?page_id=43","og_locale":"de_DE","og_type":"article","og_title":"Impressum - Motorradfreunde \u00d6tlingen 2006 e.V.","og_description":"Motorradfreunde \u00d6tlingen 2006 e.V.Uracher Strasse 71D-73230 Kirchheim\/\u00d6tlingen E-Mail: info(at)rotgockel.deInternet: www.rotgockel.de Vertretungsberechtigter Vorstand: Wolfgang Meyer (1. Vorsitzender)Martin Loser (2. Vorsitzender) Registergericht: Amtsgericht Kirchheim unter TeckRegisternummer: VR 230544 Inhaltlich Verantwortlicher gem\u00e4\u00df $ 10 Absatz 3 MDStV: Wolfgang Meyer (Anschrift wie oben) Haftungshinweis: Trotz sorgf\u00e4ltiger inhaltlicher Kontrolle \u00fcbernehmen wir keine Haftung f\u00fcr die Inhalte externer Links. F\u00fcr den Inhalt der verlinkten Seiten sind ausschlie\u00dflich deren Betreiber verantwortlich. Bankverbindung: Motorradfreunde \u00d6tlingen 2006 e.V.Volksbank Kirchheim-N\u00fcrtingenIBAN:&nbsp;DE26 6129 0120 0369 1960 07BIC: GENODES1NUE (N\u00fcrtingen) Konzept &amp; Realisierung Frank Bunz | Fotodesign Hauptstr. 973235 Weilheim an der Teckwww.frankbunz.com Hier weiterlesen","og_url":"https:\/\/rotgockel.de\/?page_id=43","og_site_name":"Motorradfreunde \u00d6tlingen 2006 e.V.","article_publisher":"https:\/\/www.facebook.com\/groups\/566248620159168\/","article_modified_time":"2025-03-17T11:42:33+00:00","og_image":[{"url":"https:\/\/rotgockel.de\/wp-content\/uploads\/2021\/07\/fotodesign_frank_bunz.png","type":"","width":"","height":""}],"twitter_card":"summary_large_image","twitter_misc":{"Gesch\u00e4tzte Lesezeit":"1\u00a0Minute"},"schema":{"@context":"https:\/\/schema.org","@graph":[{"@type":"WebPage","@id":"https:\/\/rotgockel.de\/?page_id=43","url":"https:\/\/rotgockel.de\/?page_id=43","name":"Impressum - Motorradfreunde \u00d6tlingen 2006 e.V.","isPartOf":{"@id":"https:\/\/rotgockel.de\/#website"},"primaryImageOfPage":{"@id":"https:\/\/rotgockel.de\/?page_id=43#primaryimage"},"image":{"@id":"https:\/\/rotgockel.de\/?page_id=43#primaryimage"},"thumbnailUrl":"https:\/\/rotgockel.de\/wp-content\/uploads\/2021\/07\/fotodesign_frank_bunz.png","datePublished":"2016-08-17T17:45:09+00:00","dateModified":"2025-03-17T11:42:33+00:00","breadcrumb":{"@id":"https:\/\/rotgockel.de\/?page_id=43#breadcrumb"},"inLanguage":"de","potentialAction":[{"@type":"ReadAction","target":["https:\/\/rotgockel.de\/?page_id=43"]}]},{"@type":"ImageObject","inLanguage":"de","@id":"https:\/\/rotgockel.de\/?page_id=43#primaryimage","url":"https:\/\/rotgockel.de\/wp-content\/uploads\/2021\/07\/fotodesign_frank_bunz.png","contentUrl":"https:\/\/rotgockel.de\/wp-content\/uploads\/2021\/07\/fotodesign_frank_bunz.png","width":200,"height":200,"caption":"Fotodesign - Frank Bunz"},{"@type":"BreadcrumbList","@id":"https:\/\/rotgockel.de\/?page_id=43#breadcrumb","itemListElement":[{"@type":"ListItem","position":1,"name":"Startseite","item":"https:\/\/rotgockel.de\/"},{"@type":"ListItem","position":2,"name":"Impressum"}]},{"@type":"WebSite","@id":"https:\/\/rotgockel.de\/#website","url":"https:\/\/rotgockel.de\/","name":"Motorradfreunde \u00d6tlingen 2006 e.V.","description":"","potentialAction":[{"@type":"SearchAction","target":{"@type":"EntryPoint","urlTemplate":"https:\/\/rotgockel.de\/?s={search_term_string}"},"query-input":{"@type":"PropertyValueSpecification","valueRequired":true,"valueName":"search_term_string"}}],"inLanguage":"de"}]}},"_links":{"self":[{"href":"https:\/\/rotgockel.de\/index.php?rest_route=\/wp\/v2\/pages\/43","targetHints":{"allow":["GET"]}}],"collection":[{"href":"https:\/\/rotgockel.de\/index.php?rest_route=\/wp\/v2\/pages"}],"about":[{"href":"https:\/\/rotgockel.de\/index.php?rest_route=\/wp\/v2\/types\/page"}],"author":[{"embeddable":true,"href":"https:\/\/rotgockel.de\/index.php?rest_route=\/wp\/v2\/users\/1"}],"replies":[{"embeddable":true,"href":"https:\/\/rotgockel.de\/index.php?rest_route=%2Fwp%2Fv2%2Fcomments&post=43"}],"version-history":[{"count":39,"href":"https:\/\/rotgockel.de\/index.php?rest_route=\/wp\/v2\/pages\/43\/revisions"}],"predecessor-version":[{"id":3836,"href":"https:\/\/rotgockel.de\/index.php?rest_route=\/wp\/v2\/pages\/43\/revisions\/3836"}],"wp:attachment":[{"href":"https:\/\/rotgockel.de\/index.php?rest_route=%2Fwp%2Fv2%2Fmedia&parent=43"}],"curies":[{"name":"wp","href":"https:\/\/api.w.org\/{rel}","templated":true}]}}