{"id":45,"date":"2016-08-17T19:45:27","date_gmt":"2016-08-17T17:45:27","guid":{"rendered":"http:\/\/mf-oetlingen.de\/?page_id=45"},"modified":"2016-08-22T17:30:41","modified_gmt":"2016-08-22T15:30:41","slug":"links","status":"publish","type":"page","link":"https:\/\/rotgockel.de\/?page_id=45","title":{"rendered":"Links"},"content":{"rendered":"<p>Reifen: <a href=\"http:\/\/www.mopedreifen.de\/\" target=\"_blank\">http:\/\/www.mopedreifen.de\/<\/a><br \/>\noder besser gleich zu Lahm: <a href=\"http:\/\/www.reifen-lahm.de\/\" target=\"_blank\">http:\/\/www.reifen-lahm.de\/<\/a><\/p>\n<p><a href=\"http:\/\/www.reifenlahm.de\/\" target=\"_blank\"><img loading=\"lazy\" decoding=\"async\" class=\"alignnone wp-image-241 size-medium\" src=\"http:\/\/mf-oetlingen.de\/wp-content\/uploads\/2016\/08\/reifen-lahm-300x110.png\" alt=\"Reifen Lahm\" width=\"300\" height=\"110\" srcset=\"https:\/\/rotgockel.de\/wp-content\/uploads\/2016\/08\/reifen-lahm-300x110.png 300w, https:\/\/rotgockel.de\/wp-content\/uploads\/2016\/08\/reifen-lahm.png 313w\" sizes=\"auto, (max-width: 300px) 100vw, 300px\" \/><\/a><\/p>\n<p>Zubeh\u00f6r: <a href=\"http:\/\/www.bd-deutschland.de\/\" target=\"_blank\">http:\/\/www.bd-deutschland.de\/<\/a><\/p>\n<p>Auspuffanlagen <a href=\"http:\/\/www.mab-power.de\/\" target=\"_blank\">http:\/\/www.mab-power.de\/<\/a><\/p>\n<p><a href=\"http:\/\/www.iwt-customparts.com\" target=\"_blank\"><img loading=\"lazy\" decoding=\"async\" class=\"alignnone size-medium wp-image-157\" src=\"http:\/\/mf-oetlingen.de\/wp-content\/uploads\/2016\/08\/iwt_logo_outline-300x136.jpg\" alt=\"iwt_logo_outline\" width=\"300\" height=\"136\" srcset=\"https:\/\/rotgockel.de\/wp-content\/uploads\/2016\/08\/iwt_logo_outline-300x136.jpg 300w, https:\/\/rotgockel.de\/wp-content\/uploads\/2016\/08\/iwt_logo_outline.jpg 482w\" sizes=\"auto, (max-width: 300px) 100vw, 300px\" \/><\/a><\/p>\n<p>Zubeh\u00f6r f\u00fcr XJR und FJ<br \/>\nZubeh\u00f6r f\u00fcr XJR und FJ<\/p>\n<p><a href=\"http:\/\/mf-oetlingen.de\/index.php\/befreundete-motorradvereine\/\">Befreundete Motorradvereinde<\/a><\/p>\n<p><a href=\"http:\/\/mf-oetlingen.de\/index.php\/motorradzeitschriften-online-lesen\/\">Motorradzeitschriften online lesen<\/a><\/p>\n","protected":false},"excerpt":{"rendered":"<p>Reifen: http:\/\/www.mopedreifen.de\/ oder besser gleich zu Lahm: http:\/\/www.reifen-lahm.de\/ Zubeh\u00f6r: http:\/\/www.bd-deutschland.de\/ Auspuffanlagen http:\/\/www.mab-power.de\/ Zubeh\u00f6r f\u00fcr XJR und FJ Zubeh\u00f6r f\u00fcr XJR und FJ Befreundete Motorradvereinde Motorradzeitschriften online lesen<\/p>\n<p class=\"continue-reading-button\"> <a class=\"continue-reading-link\" href=\"https:\/\/rotgockel.de\/?page_id=45\">Hier weiterlesen<i class=\"crycon-right-dir\"><\/i><\/a><\/p>\n","protected":false},"author":1,"featured_media":0,"parent":0,"menu_order":0,"comment_status":"closed","ping_status":"closed","template":"","meta":{"footnotes":""},"class_list":["post-45","page","type-page","status-publish","hentry"],"yoast_head":"<!-- This site is optimized with the Yoast SEO plugin v27.2 - https:\/\/yoast.com\/product\/yoast-seo-wordpress\/ -->\n<title>Links - Motorradfreunde \u00d6tlingen 2006 e.V.<\/title>\n<meta name=\"robots\" content=\"index, follow, max-snippet:-1, max-image-preview:large, max-video-preview:-1\" \/>\n<link rel=\"canonical\" href=\"https:\/\/rotgockel.de\/?page_id=45\" \/>\n<meta property=\"og:locale\" content=\"de_DE\" \/>\n<meta property=\"og:type\" content=\"article\" \/>\n<meta property=\"og:title\" content=\"Links - Motorradfreunde \u00d6tlingen 2006 e.V.\" \/>\n<meta property=\"og:description\" content=\"Reifen: http:\/\/www.mopedreifen.de\/ oder besser gleich zu Lahm: http:\/\/www.reifen-lahm.de\/ Zubeh\u00f6r: http:\/\/www.bd-deutschland.de\/ Auspuffanlagen http:\/\/www.mab-power.de\/ Zubeh\u00f6r f\u00fcr XJR und FJ Zubeh\u00f6r f\u00fcr XJR und FJ Befreundete Motorradvereinde Motorradzeitschriften online lesen Hier weiterlesen\" \/>\n<meta property=\"og:url\" content=\"https:\/\/rotgockel.de\/?page_id=45\" \/>\n<meta property=\"og:site_name\" content=\"Motorradfreunde \u00d6tlingen 2006 e.V.\" \/>\n<meta property=\"article:publisher\" content=\"https:\/\/www.facebook.com\/groups\/566248620159168\/\" \/>\n<meta property=\"article:modified_time\" content=\"2016-08-22T15:30:41+00:00\" \/>\n<meta property=\"og:image\" content=\"http:\/\/mf-oetlingen.de\/wp-content\/uploads\/2016\/08\/reifen-lahm-300x110.png\" \/>\n<meta name=\"twitter:card\" content=\"summary_large_image\" \/>\n<script type=\"application\/ld+json\" class=\"yoast-schema-graph\">{\"@context\":\"https:\/\/schema.org\",\"@graph\":[{\"@type\":\"WebPage\",\"@id\":\"https:\/\/rotgockel.de\/?page_id=45\",\"url\":\"https:\/\/rotgockel.de\/?page_id=45\",\"name\":\"Links - Motorradfreunde \u00d6tlingen 2006 e.V.\",\"isPartOf\":{\"@id\":\"https:\/\/rotgockel.de\/#website\"},\"primaryImageOfPage\":{\"@id\":\"https:\/\/rotgockel.de\/?page_id=45#primaryimage\"},\"image\":{\"@id\":\"https:\/\/rotgockel.de\/?page_id=45#primaryimage\"},\"thumbnailUrl\":\"http:\/\/mf-oetlingen.de\/wp-content\/uploads\/2016\/08\/reifen-lahm-300x110.png\",\"datePublished\":\"2016-08-17T17:45:27+00:00\",\"dateModified\":\"2016-08-22T15:30:41+00:00\",\"breadcrumb\":{\"@id\":\"https:\/\/rotgockel.de\/?page_id=45#breadcrumb\"},\"inLanguage\":\"de\",\"potentialAction\":[{\"@type\":\"ReadAction\",\"target\":[\"https:\/\/rotgockel.de\/?page_id=45\"]}]},{\"@type\":\"ImageObject\",\"inLanguage\":\"de\",\"@id\":\"https:\/\/rotgockel.de\/?page_id=45#primaryimage\",\"url\":\"http:\/\/mf-oetlingen.de\/wp-content\/uploads\/2016\/08\/reifen-lahm-300x110.png\",\"contentUrl\":\"http:\/\/mf-oetlingen.de\/wp-content\/uploads\/2016\/08\/reifen-lahm-300x110.png\"},{\"@type\":\"BreadcrumbList\",\"@id\":\"https:\/\/rotgockel.de\/?page_id=45#breadcrumb\",\"itemListElement\":[{\"@type\":\"ListItem\",\"position\":1,\"name\":\"Startseite\",\"item\":\"https:\/\/rotgockel.de\/\"},{\"@type\":\"ListItem\",\"position\":2,\"name\":\"Links\"}]},{\"@type\":\"WebSite\",\"@id\":\"https:\/\/rotgockel.de\/#website\",\"url\":\"https:\/\/rotgockel.de\/\",\"name\":\"Motorradfreunde \u00d6tlingen 2006 e.V.\",\"description\":\"\",\"potentialAction\":[{\"@type\":\"SearchAction\",\"target\":{\"@type\":\"EntryPoint\",\"urlTemplate\":\"https:\/\/rotgockel.de\/?s={search_term_string}\"},\"query-input\":{\"@type\":\"PropertyValueSpecification\",\"valueRequired\":true,\"valueName\":\"search_term_string\"}}],\"inLanguage\":\"de\"}]}<\/script>\n<!-- \/ Yoast SEO plugin. -->","yoast_head_json":{"title":"Links - Motorradfreunde \u00d6tlingen 2006 e.V.","robots":{"index":"index","follow":"follow","max-snippet":"max-snippet:-1","max-image-preview":"max-image-preview:large","max-video-preview":"max-video-preview:-1"},"canonical":"https:\/\/rotgockel.de\/?page_id=45","og_locale":"de_DE","og_type":"article","og_title":"Links - Motorradfreunde \u00d6tlingen 2006 e.V.","og_description":"Reifen: http:\/\/www.mopedreifen.de\/ oder besser gleich zu Lahm: http:\/\/www.reifen-lahm.de\/ Zubeh\u00f6r: http:\/\/www.bd-deutschland.de\/ Auspuffanlagen http:\/\/www.mab-power.de\/ Zubeh\u00f6r f\u00fcr XJR und FJ Zubeh\u00f6r f\u00fcr XJR und FJ Befreundete Motorradvereinde Motorradzeitschriften online lesen Hier weiterlesen","og_url":"https:\/\/rotgockel.de\/?page_id=45","og_site_name":"Motorradfreunde \u00d6tlingen 2006 e.V.","article_publisher":"https:\/\/www.facebook.com\/groups\/566248620159168\/","article_modified_time":"2016-08-22T15:30:41+00:00","og_image":[{"url":"http:\/\/mf-oetlingen.de\/wp-content\/uploads\/2016\/08\/reifen-lahm-300x110.png","type":"","width":"","height":""}],"twitter_card":"summary_large_image","schema":{"@context":"https:\/\/schema.org","@graph":[{"@type":"WebPage","@id":"https:\/\/rotgockel.de\/?page_id=45","url":"https:\/\/rotgockel.de\/?page_id=45","name":"Links - Motorradfreunde \u00d6tlingen 2006 e.V.","isPartOf":{"@id":"https:\/\/rotgockel.de\/#website"},"primaryImageOfPage":{"@id":"https:\/\/rotgockel.de\/?page_id=45#primaryimage"},"image":{"@id":"https:\/\/rotgockel.de\/?page_id=45#primaryimage"},"thumbnailUrl":"http:\/\/mf-oetlingen.de\/wp-content\/uploads\/2016\/08\/reifen-lahm-300x110.png","datePublished":"2016-08-17T17:45:27+00:00","dateModified":"2016-08-22T15:30:41+00:00","breadcrumb":{"@id":"https:\/\/rotgockel.de\/?page_id=45#breadcrumb"},"inLanguage":"de","potentialAction":[{"@type":"ReadAction","target":["https:\/\/rotgockel.de\/?page_id=45"]}]},{"@type":"ImageObject","inLanguage":"de","@id":"https:\/\/rotgockel.de\/?page_id=45#primaryimage","url":"http:\/\/mf-oetlingen.de\/wp-content\/uploads\/2016\/08\/reifen-lahm-300x110.png","contentUrl":"http:\/\/mf-oetlingen.de\/wp-content\/uploads\/2016\/08\/reifen-lahm-300x110.png"},{"@type":"BreadcrumbList","@id":"https:\/\/rotgockel.de\/?page_id=45#breadcrumb","itemListElement":[{"@type":"ListItem","position":1,"name":"Startseite","item":"https:\/\/rotgockel.de\/"},{"@type":"ListItem","position":2,"name":"Links"}]},{"@type":"WebSite","@id":"https:\/\/rotgockel.de\/#website","url":"https:\/\/rotgockel.de\/","name":"Motorradfreunde \u00d6tlingen 2006 e.V.","description":"","potentialAction":[{"@type":"SearchAction","target":{"@type":"EntryPoint","urlTemplate":"https:\/\/rotgockel.de\/?s={search_term_string}"},"query-input":{"@type":"PropertyValueSpecification","valueRequired":true,"valueName":"search_term_string"}}],"inLanguage":"de"}]}},"_links":{"self":[{"href":"https:\/\/rotgockel.de\/index.php?rest_route=\/wp\/v2\/pages\/45","targetHints":{"allow":["GET"]}}],"collection":[{"href":"https:\/\/rotgockel.de\/index.php?rest_route=\/wp\/v2\/pages"}],"about":[{"href":"https:\/\/rotgockel.de\/index.php?rest_route=\/wp\/v2\/types\/page"}],"author":[{"embeddable":true,"href":"https:\/\/rotgockel.de\/index.php?rest_route=\/wp\/v2\/users\/1"}],"replies":[{"embeddable":true,"href":"https:\/\/rotgockel.de\/index.php?rest_route=%2Fwp%2Fv2%2Fcomments&post=45"}],"version-history":[{"count":5,"href":"https:\/\/rotgockel.de\/index.php?rest_route=\/wp\/v2\/pages\/45\/revisions"}],"predecessor-version":[{"id":242,"href":"https:\/\/rotgockel.de\/index.php?rest_route=\/wp\/v2\/pages\/45\/revisions\/242"}],"wp:attachment":[{"href":"https:\/\/rotgockel.de\/index.php?rest_route=%2Fwp%2Fv2%2Fmedia&parent=45"}],"curies":[{"name":"wp","href":"https:\/\/api.w.org\/{rel}","templated":true}]}}