{"id":66,"date":"2016-08-18T19:13:11","date_gmt":"2016-08-18T17:13:11","guid":{"rendered":"http:\/\/mf-oetlingen.de\/?page_id=66"},"modified":"2022-03-20T08:23:54","modified_gmt":"2022-03-20T07:23:54","slug":"presseberichte","status":"publish","type":"page","link":"https:\/\/rotgockel.de\/?page_id=66","title":{"rendered":"Presseberichte"},"content":{"rendered":"<style type=\"text\/css\">\n#foogallery-gallery-3356.fg-masonry .fg-item { width: 250px; }\n#foogallery-gallery-3356.fg-masonry { --fg-gutter: 10px; }<\/style>\n\t\t\t<div class=\"foogallery foogallery-container foogallery-masonry foogallery-lightbox-foobox fg-center fg-masonry fg-ready fg-dark fg-border-thin fg-shadow-small fg-loading-default fg-loaded-fade-in fg-captions-bottom fg-hover-fade fg-hover-plus fg-fixed\" id=\"foogallery-gallery-3356\" data-foogallery=\"{&quot;item&quot;:{&quot;showCaptionTitle&quot;:true,&quot;showCaptionDescription&quot;:true},&quot;lazy&quot;:true,&quot;template&quot;:{&quot;columnWidth&quot;:250,&quot;gutter&quot;:10}}\" style=\"--fg-title-line-clamp: 0; --fg-description-line-clamp: 0;\" >\n\t\t<div class=\"fg-item fg-type-image fg-idle\"><figure class=\"fg-item-inner\"><a href=\"https:\/\/rotgockel.de\/wp-content\/uploads\/2022\/03\/Rotgockel_Teckboten_Spendenuebergabe_2022.jpg\" data-caption-title=\"Spenden\u00fcbergabe der Motorradfreunde \u00d6tlingen2006 e.V. an das h\u00e4usliche Kinder- und Jugendhospiz.\" data-attachment-id=\"3352\" data-type=\"image\" class=\"fg-thumb\"><span class=\"fg-image-wrap\"><img decoding=\"async\" alt=\"Teckboten 17. M\u00e4rz 2022\" title=\"Spenden\u00fcbergabe der Motorradfreunde \u00d6tlingen2006 e.V. an das h\u00e4usliche Kinder- und Jugendhospiz.\" width=\"250\" height=\"125\" class=\"skip-lazy fg-image\" data-src-fg=\"https:\/\/rotgockel.de\/wp-content\/uploads\/cache\/2022\/03\/Rotgockel_Teckboten_Spendenuebergabe_2022\/1045181606.jpg\" src=\"data:image\/svg+xml,%3Csvg%20xmlns%3D%22http%3A%2F%2Fwww.w3.org%2F2000%2Fsvg%22%20width%3D%22250%22%20height%3D%22125%22%20viewBox%3D%220%200%20250%20125%22%3E%3C%2Fsvg%3E\" loading=\"eager\"><\/span><span class=\"fg-image-overlay\"><\/span><\/a><figcaption class=\"fg-caption\"><div class=\"fg-caption-inner\"><div class=\"fg-caption-title\">Spenden\u00fcbergabe der Motorradfreunde \u00d6tlingen2006 e.V. an das h\u00e4usliche Kinder- und Jugendhospiz.<\/div><\/div><\/figcaption><\/figure><div class=\"fg-loader\"><\/div><\/div><\/div>\n\n<p>Bericht im \u201eTeckbote\u201c vom 17.03.2022<\/p>\n<p>Hier gibt es noch mehr Berichte \u00fcber uns in der lokalen Presse:<\/p>\n<style type=\"text\/css\">\n#foogallery-gallery-830.fg-masonry .fg-item { width: 150px; }\n#foogallery-gallery-830.fg-masonry { --fg-gutter: 10px; }<\/style>\n\t\t\t<div class=\"foogallery foogallery-container foogallery-masonry foogallery-lightbox-foogallery fg-masonry fg-ready fg-light fg-loading-default fg-loaded-fade-in fg-hover-scale fg-hover-fade fg-fixed\" id=\"foogallery-gallery-830\" data-foogallery=\"{&quot;item&quot;:{&quot;showCaptionTitle&quot;:true,&quot;showCaptionDescription&quot;:true},&quot;lazy&quot;:true,&quot;template&quot;:{&quot;columnWidth&quot;:150,&quot;gutter&quot;:10}}\" data-foogallery-lightbox=\"{&quot;thumbs&quot;:&quot;bottom&quot;,&quot;thumbsCaptions&quot;:false,&quot;thumbsBestFit&quot;:false,&quot;thumbsSmall&quot;:false,&quot;thumbsCaptionsAlign&quot;:&quot;default&quot;,&quot;info&quot;:&quot;bottom&quot;,&quot;infoVisible&quot;:true,&quot;infoOverlay&quot;:true,&quot;infoAlign&quot;:&quot;default&quot;,&quot;transition&quot;:&quot;fade&quot;,&quot;hoverButtons&quot;:false,&quot;fitMedia&quot;:false,&quot;noScrollbars&quot;:true,&quot;preserveButtonSpace&quot;:true,&quot;video&quot;:{&quot;autoPlay&quot;:true}}\" style=\"--fg-title-line-clamp: 0; --fg-description-line-clamp: 0;\" >\n\t\t<div class=\"fg-item fg-type-image fg-idle\"><figure class=\"fg-item-inner\"><a href=\"https:\/\/rotgockel.de\/wp-content\/uploads\/2016\/08\/Presse_2015.jpg\" data-attachment-id=\"305\" data-type=\"image\" class=\"fg-thumb\"><span class=\"fg-image-wrap\"><img decoding=\"async\" width=\"150\" height=\"162\" class=\"skip-lazy fg-image\" data-src-fg=\"https:\/\/rotgockel.de\/wp-content\/uploads\/cache\/2016\/08\/Presse_2015\/2114045281.jpg\" src=\"data:image\/svg+xml,%3Csvg%20xmlns%3D%22http%3A%2F%2Fwww.w3.org%2F2000%2Fsvg%22%20width%3D%22150%22%20height%3D%22162%22%20viewBox%3D%220%200%20150%20162%22%3E%3C%2Fsvg%3E\" loading=\"eager\"><\/span><span class=\"fg-image-overlay\"><\/span><\/a><\/figure><div class=\"fg-loader\"><\/div><\/div><div class=\"fg-item fg-type-image fg-idle\"><figure class=\"fg-item-inner\"><a href=\"https:\/\/rotgockel.de\/wp-content\/uploads\/2016\/08\/Presse_2011.jpg\" data-attachment-id=\"304\" data-type=\"image\" class=\"fg-thumb\"><span class=\"fg-image-wrap\"><img decoding=\"async\" width=\"150\" height=\"120\" class=\"skip-lazy fg-image\" data-src-fg=\"https:\/\/rotgockel.de\/wp-content\/uploads\/cache\/2016\/08\/Presse_2011\/1272628320.jpg\" src=\"data:image\/svg+xml,%3Csvg%20xmlns%3D%22http%3A%2F%2Fwww.w3.org%2F2000%2Fsvg%22%20width%3D%22150%22%20height%3D%22120%22%20viewBox%3D%220%200%20150%20120%22%3E%3C%2Fsvg%3E\" loading=\"eager\"><\/span><span class=\"fg-image-overlay\"><\/span><\/a><\/figure><div class=\"fg-loader\"><\/div><\/div><div class=\"fg-item fg-type-image fg-idle\"><figure class=\"fg-item-inner\"><a href=\"https:\/\/rotgockel.de\/wp-content\/uploads\/2016\/08\/Presse_2009_Teckboten.jpg\" data-attachment-id=\"303\" data-type=\"image\" class=\"fg-thumb\"><span class=\"fg-image-wrap\"><img decoding=\"async\" width=\"150\" height=\"137\" class=\"skip-lazy fg-image\" data-src-fg=\"https:\/\/rotgockel.de\/wp-content\/uploads\/cache\/2016\/08\/Presse_2009_Teckboten\/3426371586.jpg\" src=\"data:image\/svg+xml,%3Csvg%20xmlns%3D%22http%3A%2F%2Fwww.w3.org%2F2000%2Fsvg%22%20width%3D%22150%22%20height%3D%22137%22%20viewBox%3D%220%200%20150%20137%22%3E%3C%2Fsvg%3E\" loading=\"eager\"><\/span><span class=\"fg-image-overlay\"><\/span><\/a><\/figure><div class=\"fg-loader\"><\/div><\/div><div class=\"fg-item fg-type-image fg-idle\"><figure class=\"fg-item-inner\"><a href=\"https:\/\/rotgockel.de\/wp-content\/uploads\/2016\/08\/Presse_2009_OetlingerNachrichten.jpg\" data-attachment-id=\"302\" data-type=\"image\" class=\"fg-thumb\"><span class=\"fg-image-wrap\"><img decoding=\"async\" width=\"150\" height=\"94\" class=\"skip-lazy fg-image\" data-src-fg=\"https:\/\/rotgockel.de\/wp-content\/uploads\/cache\/2016\/08\/Presse_2009_OetlingerNachrichten\/3051600469.jpg\" src=\"data:image\/svg+xml,%3Csvg%20xmlns%3D%22http%3A%2F%2Fwww.w3.org%2F2000%2Fsvg%22%20width%3D%22150%22%20height%3D%2294%22%20viewBox%3D%220%200%20150%2094%22%3E%3C%2Fsvg%3E\" loading=\"eager\"><\/span><span class=\"fg-image-overlay\"><\/span><\/a><\/figure><div class=\"fg-loader\"><\/div><\/div><div class=\"fg-item fg-type-image fg-idle\"><figure class=\"fg-item-inner\"><a href=\"https:\/\/rotgockel.de\/wp-content\/uploads\/2016\/08\/Presse_2009_Einweihung.jpg\" data-attachment-id=\"301\" data-type=\"image\" class=\"fg-thumb\"><span class=\"fg-image-wrap\"><img decoding=\"async\" width=\"150\" height=\"259\" class=\"skip-lazy fg-image\" data-src-fg=\"https:\/\/rotgockel.de\/wp-content\/uploads\/cache\/2016\/08\/Presse_2009_Einweihung\/2906214816.jpg\" src=\"data:image\/svg+xml,%3Csvg%20xmlns%3D%22http%3A%2F%2Fwww.w3.org%2F2000%2Fsvg%22%20width%3D%22150%22%20height%3D%22259%22%20viewBox%3D%220%200%20150%20259%22%3E%3C%2Fsvg%3E\" loading=\"eager\"><\/span><span class=\"fg-image-overlay\"><\/span><\/a><\/figure><div class=\"fg-loader\"><\/div><\/div><div class=\"fg-item fg-type-image fg-idle\"><figure class=\"fg-item-inner\"><a href=\"https:\/\/rotgockel.de\/wp-content\/uploads\/2016\/08\/Presse_2009_Abschlussfahrt.jpg\" data-attachment-id=\"300\" data-type=\"image\" class=\"fg-thumb\"><span class=\"fg-image-wrap\"><img decoding=\"async\" width=\"150\" height=\"160\" class=\"skip-lazy fg-image\" data-src-fg=\"https:\/\/rotgockel.de\/wp-content\/uploads\/cache\/2016\/08\/Presse_2009_Abschlussfahrt\/3337796936.jpg\" src=\"data:image\/svg+xml,%3Csvg%20xmlns%3D%22http%3A%2F%2Fwww.w3.org%2F2000%2Fsvg%22%20width%3D%22150%22%20height%3D%22160%22%20viewBox%3D%220%200%20150%20160%22%3E%3C%2Fsvg%3E\" loading=\"eager\"><\/span><span class=\"fg-image-overlay\"><\/span><\/a><\/figure><div class=\"fg-loader\"><\/div><\/div><div class=\"fg-item fg-type-image fg-idle\"><figure class=\"fg-item-inner\"><a href=\"https:\/\/rotgockel.de\/wp-content\/uploads\/2016\/08\/Presse_2009.jpg\" data-attachment-id=\"299\" data-type=\"image\" class=\"fg-thumb\"><span class=\"fg-image-wrap\"><img decoding=\"async\" width=\"150\" height=\"129\" class=\"skip-lazy fg-image\" data-src-fg=\"https:\/\/rotgockel.de\/wp-content\/uploads\/cache\/2016\/08\/Presse_2009\/3648020777.jpg\" src=\"data:image\/svg+xml,%3Csvg%20xmlns%3D%22http%3A%2F%2Fwww.w3.org%2F2000%2Fsvg%22%20width%3D%22150%22%20height%3D%22129%22%20viewBox%3D%220%200%20150%20129%22%3E%3C%2Fsvg%3E\" loading=\"eager\"><\/span><span class=\"fg-image-overlay\"><\/span><\/a><\/figure><div class=\"fg-loader\"><\/div><\/div><div class=\"fg-item fg-type-image fg-idle\"><figure class=\"fg-item-inner\"><a href=\"https:\/\/rotgockel.de\/wp-content\/uploads\/2022\/03\/Rotgockel_Teckboten_Spendenuebergabe_2022.jpg\" data-caption-title=\"Spenden\u00fcbergabe der Motorradfreunde \u00d6tlingen2006 e.V. an das h\u00e4usliche Kinder- und Jugendhospiz.\" data-attachment-id=\"3352\" data-type=\"image\" class=\"fg-thumb\"><span class=\"fg-image-wrap\"><img decoding=\"async\" alt=\"Teckboten 17. M\u00e4rz 2022\" title=\"Spenden\u00fcbergabe der Motorradfreunde \u00d6tlingen2006 e.V. an das h\u00e4usliche Kinder- und Jugendhospiz.\" width=\"150\" height=\"75\" class=\"skip-lazy fg-image\" data-src-fg=\"https:\/\/rotgockel.de\/wp-content\/uploads\/cache\/2022\/03\/Rotgockel_Teckboten_Spendenuebergabe_2022\/2489357102.jpg\" src=\"data:image\/svg+xml,%3Csvg%20xmlns%3D%22http%3A%2F%2Fwww.w3.org%2F2000%2Fsvg%22%20width%3D%22150%22%20height%3D%2275%22%20viewBox%3D%220%200%20150%2075%22%3E%3C%2Fsvg%3E\" loading=\"eager\"><\/span><span class=\"fg-image-overlay\"><\/span><\/a><figcaption class=\"fg-caption\"><div class=\"fg-caption-inner\"><div class=\"fg-caption-title\">Spenden\u00fcbergabe der Motorradfreunde \u00d6tlingen2006 e.V. an das h\u00e4usliche Kinder- und Jugendhospiz.<\/div><\/div><\/figcaption><\/figure><div class=\"fg-loader\"><\/div><\/div><\/div>","protected":false},"excerpt":{"rendered":"<p>Bericht im \u201eTeckbote\u201c vom 17.03.2022 Hier gibt es noch mehr Berichte \u00fcber uns in der lokalen Presse:<\/p>\n<p class=\"continue-reading-button\"> <a class=\"continue-reading-link\" href=\"https:\/\/rotgockel.de\/?page_id=66\">Hier weiterlesen<i class=\"crycon-right-dir\"><\/i><\/a><\/p>\n","protected":false},"author":1,"featured_media":0,"parent":35,"menu_order":0,"comment_status":"closed","ping_status":"closed","template":"","meta":{"footnotes":""},"class_list":["post-66","page","type-page","status-publish","hentry"],"yoast_head":"<!-- This site is optimized with the Yoast SEO plugin v27.2 - https:\/\/yoast.com\/product\/yoast-seo-wordpress\/ -->\n<title>Presseberichte - Motorradfreunde \u00d6tlingen 2006 e.V.<\/title>\n<meta name=\"robots\" content=\"index, follow, max-snippet:-1, max-image-preview:large, max-video-preview:-1\" \/>\n<link rel=\"canonical\" href=\"https:\/\/rotgockel.de\/?page_id=66\" \/>\n<meta property=\"og:locale\" content=\"de_DE\" \/>\n<meta property=\"og:type\" content=\"article\" \/>\n<meta property=\"og:title\" content=\"Presseberichte - Motorradfreunde \u00d6tlingen 2006 e.V.\" \/>\n<meta property=\"og:description\" content=\"Bericht im \u201eTeckbote\u201c vom 17.03.2022 Hier gibt es noch mehr Berichte \u00fcber uns in der lokalen Presse: Hier weiterlesen\" \/>\n<meta property=\"og:url\" content=\"https:\/\/rotgockel.de\/?page_id=66\" \/>\n<meta property=\"og:site_name\" content=\"Motorradfreunde \u00d6tlingen 2006 e.V.\" \/>\n<meta property=\"article:publisher\" content=\"https:\/\/www.facebook.com\/groups\/566248620159168\/\" \/>\n<meta property=\"article:modified_time\" content=\"2022-03-20T07:23:54+00:00\" \/>\n<meta property=\"og:image\" content=\"http:\/\/mf-kirchheim.de\/wp-content\/uploads\/2016\/08\/Presse_2016-300x180.jpg\" \/>\n<meta name=\"twitter:card\" content=\"summary_large_image\" \/>\n<script type=\"application\/ld+json\" class=\"yoast-schema-graph\">{\"@context\":\"https:\/\/schema.org\",\"@graph\":[{\"@type\":\"WebPage\",\"@id\":\"https:\/\/rotgockel.de\/?page_id=66\",\"url\":\"https:\/\/rotgockel.de\/?page_id=66\",\"name\":\"Presseberichte - Motorradfreunde \u00d6tlingen 2006 e.V.\",\"isPartOf\":{\"@id\":\"https:\/\/rotgockel.de\/#website\"},\"datePublished\":\"2016-08-18T17:13:11+00:00\",\"dateModified\":\"2022-03-20T07:23:54+00:00\",\"breadcrumb\":{\"@id\":\"https:\/\/rotgockel.de\/?page_id=66#breadcrumb\"},\"inLanguage\":\"de\",\"potentialAction\":[{\"@type\":\"ReadAction\",\"target\":[\"https:\/\/rotgockel.de\/?page_id=66\"]}]},{\"@type\":\"BreadcrumbList\",\"@id\":\"https:\/\/rotgockel.de\/?page_id=66#breadcrumb\",\"itemListElement\":[{\"@type\":\"ListItem\",\"position\":1,\"name\":\"Startseite\",\"item\":\"https:\/\/rotgockel.de\/\"},{\"@type\":\"ListItem\",\"position\":2,\"name\":\"\u00dcber uns\",\"item\":\"https:\/\/rotgockel.de\/?page_id=35\"},{\"@type\":\"ListItem\",\"position\":3,\"name\":\"Presseberichte\"}]},{\"@type\":\"WebSite\",\"@id\":\"https:\/\/rotgockel.de\/#website\",\"url\":\"https:\/\/rotgockel.de\/\",\"name\":\"Motorradfreunde \u00d6tlingen 2006 e.V.\",\"description\":\"\",\"potentialAction\":[{\"@type\":\"SearchAction\",\"target\":{\"@type\":\"EntryPoint\",\"urlTemplate\":\"https:\/\/rotgockel.de\/?s={search_term_string}\"},\"query-input\":{\"@type\":\"PropertyValueSpecification\",\"valueRequired\":true,\"valueName\":\"search_term_string\"}}],\"inLanguage\":\"de\"}]}<\/script>\n<!-- \/ Yoast SEO plugin. -->","yoast_head_json":{"title":"Presseberichte - Motorradfreunde \u00d6tlingen 2006 e.V.","robots":{"index":"index","follow":"follow","max-snippet":"max-snippet:-1","max-image-preview":"max-image-preview:large","max-video-preview":"max-video-preview:-1"},"canonical":"https:\/\/rotgockel.de\/?page_id=66","og_locale":"de_DE","og_type":"article","og_title":"Presseberichte - Motorradfreunde \u00d6tlingen 2006 e.V.","og_description":"Bericht im \u201eTeckbote\u201c vom 17.03.2022 Hier gibt es noch mehr Berichte \u00fcber uns in der lokalen Presse: Hier weiterlesen","og_url":"https:\/\/rotgockel.de\/?page_id=66","og_site_name":"Motorradfreunde \u00d6tlingen 2006 e.V.","article_publisher":"https:\/\/www.facebook.com\/groups\/566248620159168\/","article_modified_time":"2022-03-20T07:23:54+00:00","og_image":[{"url":"http:\/\/mf-kirchheim.de\/wp-content\/uploads\/2016\/08\/Presse_2016-300x180.jpg","type":"","width":"","height":""}],"twitter_card":"summary_large_image","schema":{"@context":"https:\/\/schema.org","@graph":[{"@type":"WebPage","@id":"https:\/\/rotgockel.de\/?page_id=66","url":"https:\/\/rotgockel.de\/?page_id=66","name":"Presseberichte - Motorradfreunde \u00d6tlingen 2006 e.V.","isPartOf":{"@id":"https:\/\/rotgockel.de\/#website"},"datePublished":"2016-08-18T17:13:11+00:00","dateModified":"2022-03-20T07:23:54+00:00","breadcrumb":{"@id":"https:\/\/rotgockel.de\/?page_id=66#breadcrumb"},"inLanguage":"de","potentialAction":[{"@type":"ReadAction","target":["https:\/\/rotgockel.de\/?page_id=66"]}]},{"@type":"BreadcrumbList","@id":"https:\/\/rotgockel.de\/?page_id=66#breadcrumb","itemListElement":[{"@type":"ListItem","position":1,"name":"Startseite","item":"https:\/\/rotgockel.de\/"},{"@type":"ListItem","position":2,"name":"\u00dcber uns","item":"https:\/\/rotgockel.de\/?page_id=35"},{"@type":"ListItem","position":3,"name":"Presseberichte"}]},{"@type":"WebSite","@id":"https:\/\/rotgockel.de\/#website","url":"https:\/\/rotgockel.de\/","name":"Motorradfreunde \u00d6tlingen 2006 e.V.","description":"","potentialAction":[{"@type":"SearchAction","target":{"@type":"EntryPoint","urlTemplate":"https:\/\/rotgockel.de\/?s={search_term_string}"},"query-input":{"@type":"PropertyValueSpecification","valueRequired":true,"valueName":"search_term_string"}}],"inLanguage":"de"}]}},"_links":{"self":[{"href":"https:\/\/rotgockel.de\/index.php?rest_route=\/wp\/v2\/pages\/66","targetHints":{"allow":["GET"]}}],"collection":[{"href":"https:\/\/rotgockel.de\/index.php?rest_route=\/wp\/v2\/pages"}],"about":[{"href":"https:\/\/rotgockel.de\/index.php?rest_route=\/wp\/v2\/types\/page"}],"author":[{"embeddable":true,"href":"https:\/\/rotgockel.de\/index.php?rest_route=\/wp\/v2\/users\/1"}],"replies":[{"embeddable":true,"href":"https:\/\/rotgockel.de\/index.php?rest_route=%2Fwp%2Fv2%2Fcomments&post=66"}],"version-history":[{"count":9,"href":"https:\/\/rotgockel.de\/index.php?rest_route=\/wp\/v2\/pages\/66\/revisions"}],"predecessor-version":[{"id":3361,"href":"https:\/\/rotgockel.de\/index.php?rest_route=\/wp\/v2\/pages\/66\/revisions\/3361"}],"up":[{"embeddable":true,"href":"https:\/\/rotgockel.de\/index.php?rest_route=\/wp\/v2\/pages\/35"}],"wp:attachment":[{"href":"https:\/\/rotgockel.de\/index.php?rest_route=%2Fwp%2Fv2%2Fmedia&parent=66"}],"curies":[{"name":"wp","href":"https:\/\/api.w.org\/{rel}","templated":true}]}}