{"id":70,"date":"2016-08-18T19:18:10","date_gmt":"2016-08-18T17:18:10","guid":{"rendered":"http:\/\/mf-oetlingen.de\/?page_id=70"},"modified":"2017-03-08T20:45:50","modified_gmt":"2017-03-08T19:45:50","slug":"aufnahmeantrag","status":"publish","type":"page","link":"https:\/\/rotgockel.de\/?page_id=70","title":{"rendered":"Aufnahmeantrag"},"content":{"rendered":"<p>Dir gef\u00e4llt unser Verein, Du bist schon ab und zu bei uns auf Besuch gewesen und passt gut zu uns? Die Ausfahrten und die Leute gefallen Dir auch gut und Du m\u00f6chtest bei uns Mitglied werden?<\/p>\n<p>Dann kannst Du hier den Antrag auf Mitgliedschaft downloaden:<br \/>\nAufnahmeantrag: <a href=\"http:\/\/rotgockel.de\/wp-content\/uploads\/2017\/03\/Aufnahmeantrag_20170308.pdf\" target=\"_blank\">Aufnahmeantrag MF Oetlingen 2006 e.V.<\/a><\/p>\n<p><a href=\"http:\/\/rotgockel.de\/wp-content\/uploads\/2017\/03\/Aufnahmeantrag_20170308.pdf\" target=\"_blank\"><img loading=\"lazy\" decoding=\"async\" class=\"alignnone wp-image-1878\" src=\"http:\/\/rotgockel.de\/wp-content\/uploads\/2017\/03\/icon_pdf.jpg\" alt=\"icon_pdf\" width=\"50\" height=\"50\" \/><\/a><\/p>\n<p>Schicke den ausgef\u00fcllten Antrag entweder per Post an:<\/p>\n<p>Motorradfreunde \u00d6tlingen 2006 e.V.<br \/>\nUracher Stra\u00dfe 71<br \/>\nD-73230 Kirchheim unter Teck<\/p>\n<p>oder gebe ihn einfach pers\u00f6nlich im Vereinsheim ab.<\/p>\n","protected":false},"excerpt":{"rendered":"<p>Dir gef\u00e4llt unser Verein, Du bist schon ab und zu bei uns auf Besuch gewesen und passt gut zu uns? Die Ausfahrten und die Leute gefallen Dir auch gut und Du m\u00f6chtest bei uns Mitglied werden? Dann kannst Du hier den Antrag auf Mitgliedschaft downloaden: Aufnahmeantrag: Aufnahmeantrag MF Oetlingen 2006 e.V. Schicke den ausgef\u00fcllten Antrag entweder per Post an: Motorradfreunde \u00d6tlingen 2006 e.V. Uracher Stra\u00dfe 71 D-73230 Kirchheim unter Teck oder gebe ihn einfach pers\u00f6nlich im Vereinsheim ab.<\/p>\n<p class=\"continue-reading-button\"> <a class=\"continue-reading-link\" href=\"https:\/\/rotgockel.de\/?page_id=70\">Hier weiterlesen<i class=\"crycon-right-dir\"><\/i><\/a><\/p>\n","protected":false},"author":1,"featured_media":0,"parent":35,"menu_order":0,"comment_status":"closed","ping_status":"closed","template":"","meta":{"footnotes":""},"class_list":["post-70","page","type-page","status-publish","hentry"],"yoast_head":"<!-- This site is optimized with the Yoast SEO plugin v27.2 - https:\/\/yoast.com\/product\/yoast-seo-wordpress\/ -->\n<title>Aufnahmeantrag - Motorradfreunde \u00d6tlingen 2006 e.V.<\/title>\n<meta name=\"robots\" content=\"index, follow, max-snippet:-1, max-image-preview:large, max-video-preview:-1\" \/>\n<link rel=\"canonical\" href=\"https:\/\/rotgockel.de\/?page_id=70\" \/>\n<meta property=\"og:locale\" content=\"de_DE\" \/>\n<meta property=\"og:type\" content=\"article\" \/>\n<meta property=\"og:title\" content=\"Aufnahmeantrag - Motorradfreunde \u00d6tlingen 2006 e.V.\" \/>\n<meta property=\"og:description\" content=\"Dir gef\u00e4llt unser Verein, Du bist schon ab und zu bei uns auf Besuch gewesen und passt gut zu uns? Die Ausfahrten und die Leute gefallen Dir auch gut und Du m\u00f6chtest bei uns Mitglied werden? Dann kannst Du hier den Antrag auf Mitgliedschaft downloaden: Aufnahmeantrag: Aufnahmeantrag MF Oetlingen 2006 e.V. Schicke den ausgef\u00fcllten Antrag entweder per Post an: Motorradfreunde \u00d6tlingen 2006 e.V. Uracher Stra\u00dfe 71 D-73230 Kirchheim unter Teck oder gebe ihn einfach pers\u00f6nlich im Vereinsheim ab. Hier weiterlesen\" \/>\n<meta property=\"og:url\" content=\"https:\/\/rotgockel.de\/?page_id=70\" \/>\n<meta property=\"og:site_name\" content=\"Motorradfreunde \u00d6tlingen 2006 e.V.\" \/>\n<meta property=\"article:publisher\" content=\"https:\/\/www.facebook.com\/groups\/566248620159168\/\" \/>\n<meta property=\"article:modified_time\" content=\"2017-03-08T19:45:50+00:00\" \/>\n<meta property=\"og:image\" content=\"http:\/\/rotgockel.de\/wp-content\/uploads\/2017\/03\/icon_pdf.jpg\" \/>\n<meta name=\"twitter:card\" content=\"summary_large_image\" \/>\n<script type=\"application\/ld+json\" class=\"yoast-schema-graph\">{\"@context\":\"https:\/\/schema.org\",\"@graph\":[{\"@type\":\"WebPage\",\"@id\":\"https:\/\/rotgockel.de\/?page_id=70\",\"url\":\"https:\/\/rotgockel.de\/?page_id=70\",\"name\":\"Aufnahmeantrag - Motorradfreunde \u00d6tlingen 2006 e.V.\",\"isPartOf\":{\"@id\":\"https:\/\/rotgockel.de\/#website\"},\"primaryImageOfPage\":{\"@id\":\"https:\/\/rotgockel.de\/?page_id=70#primaryimage\"},\"image\":{\"@id\":\"https:\/\/rotgockel.de\/?page_id=70#primaryimage\"},\"thumbnailUrl\":\"http:\/\/rotgockel.de\/wp-content\/uploads\/2017\/03\/icon_pdf.jpg\",\"datePublished\":\"2016-08-18T17:18:10+00:00\",\"dateModified\":\"2017-03-08T19:45:50+00:00\",\"breadcrumb\":{\"@id\":\"https:\/\/rotgockel.de\/?page_id=70#breadcrumb\"},\"inLanguage\":\"de\",\"potentialAction\":[{\"@type\":\"ReadAction\",\"target\":[\"https:\/\/rotgockel.de\/?page_id=70\"]}]},{\"@type\":\"ImageObject\",\"inLanguage\":\"de\",\"@id\":\"https:\/\/rotgockel.de\/?page_id=70#primaryimage\",\"url\":\"http:\/\/rotgockel.de\/wp-content\/uploads\/2017\/03\/icon_pdf.jpg\",\"contentUrl\":\"http:\/\/rotgockel.de\/wp-content\/uploads\/2017\/03\/icon_pdf.jpg\"},{\"@type\":\"BreadcrumbList\",\"@id\":\"https:\/\/rotgockel.de\/?page_id=70#breadcrumb\",\"itemListElement\":[{\"@type\":\"ListItem\",\"position\":1,\"name\":\"Startseite\",\"item\":\"https:\/\/rotgockel.de\/\"},{\"@type\":\"ListItem\",\"position\":2,\"name\":\"\u00dcber uns\",\"item\":\"https:\/\/rotgockel.de\/?page_id=35\"},{\"@type\":\"ListItem\",\"position\":3,\"name\":\"Aufnahmeantrag\"}]},{\"@type\":\"WebSite\",\"@id\":\"https:\/\/rotgockel.de\/#website\",\"url\":\"https:\/\/rotgockel.de\/\",\"name\":\"Motorradfreunde \u00d6tlingen 2006 e.V.\",\"description\":\"\",\"potentialAction\":[{\"@type\":\"SearchAction\",\"target\":{\"@type\":\"EntryPoint\",\"urlTemplate\":\"https:\/\/rotgockel.de\/?s={search_term_string}\"},\"query-input\":{\"@type\":\"PropertyValueSpecification\",\"valueRequired\":true,\"valueName\":\"search_term_string\"}}],\"inLanguage\":\"de\"}]}<\/script>\n<!-- \/ Yoast SEO plugin. -->","yoast_head_json":{"title":"Aufnahmeantrag - Motorradfreunde \u00d6tlingen 2006 e.V.","robots":{"index":"index","follow":"follow","max-snippet":"max-snippet:-1","max-image-preview":"max-image-preview:large","max-video-preview":"max-video-preview:-1"},"canonical":"https:\/\/rotgockel.de\/?page_id=70","og_locale":"de_DE","og_type":"article","og_title":"Aufnahmeantrag - Motorradfreunde \u00d6tlingen 2006 e.V.","og_description":"Dir gef\u00e4llt unser Verein, Du bist schon ab und zu bei uns auf Besuch gewesen und passt gut zu uns? Die Ausfahrten und die Leute gefallen Dir auch gut und Du m\u00f6chtest bei uns Mitglied werden? Dann kannst Du hier den Antrag auf Mitgliedschaft downloaden: Aufnahmeantrag: Aufnahmeantrag MF Oetlingen 2006 e.V. Schicke den ausgef\u00fcllten Antrag entweder per Post an: Motorradfreunde \u00d6tlingen 2006 e.V. Uracher Stra\u00dfe 71 D-73230 Kirchheim unter Teck oder gebe ihn einfach pers\u00f6nlich im Vereinsheim ab. Hier weiterlesen","og_url":"https:\/\/rotgockel.de\/?page_id=70","og_site_name":"Motorradfreunde \u00d6tlingen 2006 e.V.","article_publisher":"https:\/\/www.facebook.com\/groups\/566248620159168\/","article_modified_time":"2017-03-08T19:45:50+00:00","og_image":[{"url":"http:\/\/rotgockel.de\/wp-content\/uploads\/2017\/03\/icon_pdf.jpg","type":"","width":"","height":""}],"twitter_card":"summary_large_image","schema":{"@context":"https:\/\/schema.org","@graph":[{"@type":"WebPage","@id":"https:\/\/rotgockel.de\/?page_id=70","url":"https:\/\/rotgockel.de\/?page_id=70","name":"Aufnahmeantrag - Motorradfreunde \u00d6tlingen 2006 e.V.","isPartOf":{"@id":"https:\/\/rotgockel.de\/#website"},"primaryImageOfPage":{"@id":"https:\/\/rotgockel.de\/?page_id=70#primaryimage"},"image":{"@id":"https:\/\/rotgockel.de\/?page_id=70#primaryimage"},"thumbnailUrl":"http:\/\/rotgockel.de\/wp-content\/uploads\/2017\/03\/icon_pdf.jpg","datePublished":"2016-08-18T17:18:10+00:00","dateModified":"2017-03-08T19:45:50+00:00","breadcrumb":{"@id":"https:\/\/rotgockel.de\/?page_id=70#breadcrumb"},"inLanguage":"de","potentialAction":[{"@type":"ReadAction","target":["https:\/\/rotgockel.de\/?page_id=70"]}]},{"@type":"ImageObject","inLanguage":"de","@id":"https:\/\/rotgockel.de\/?page_id=70#primaryimage","url":"http:\/\/rotgockel.de\/wp-content\/uploads\/2017\/03\/icon_pdf.jpg","contentUrl":"http:\/\/rotgockel.de\/wp-content\/uploads\/2017\/03\/icon_pdf.jpg"},{"@type":"BreadcrumbList","@id":"https:\/\/rotgockel.de\/?page_id=70#breadcrumb","itemListElement":[{"@type":"ListItem","position":1,"name":"Startseite","item":"https:\/\/rotgockel.de\/"},{"@type":"ListItem","position":2,"name":"\u00dcber uns","item":"https:\/\/rotgockel.de\/?page_id=35"},{"@type":"ListItem","position":3,"name":"Aufnahmeantrag"}]},{"@type":"WebSite","@id":"https:\/\/rotgockel.de\/#website","url":"https:\/\/rotgockel.de\/","name":"Motorradfreunde \u00d6tlingen 2006 e.V.","description":"","potentialAction":[{"@type":"SearchAction","target":{"@type":"EntryPoint","urlTemplate":"https:\/\/rotgockel.de\/?s={search_term_string}"},"query-input":{"@type":"PropertyValueSpecification","valueRequired":true,"valueName":"search_term_string"}}],"inLanguage":"de"}]}},"_links":{"self":[{"href":"https:\/\/rotgockel.de\/index.php?rest_route=\/wp\/v2\/pages\/70","targetHints":{"allow":["GET"]}}],"collection":[{"href":"https:\/\/rotgockel.de\/index.php?rest_route=\/wp\/v2\/pages"}],"about":[{"href":"https:\/\/rotgockel.de\/index.php?rest_route=\/wp\/v2\/types\/page"}],"author":[{"embeddable":true,"href":"https:\/\/rotgockel.de\/index.php?rest_route=\/wp\/v2\/users\/1"}],"replies":[{"embeddable":true,"href":"https:\/\/rotgockel.de\/index.php?rest_route=%2Fwp%2Fv2%2Fcomments&post=70"}],"version-history":[{"count":5,"href":"https:\/\/rotgockel.de\/index.php?rest_route=\/wp\/v2\/pages\/70\/revisions"}],"predecessor-version":[{"id":1883,"href":"https:\/\/rotgockel.de\/index.php?rest_route=\/wp\/v2\/pages\/70\/revisions\/1883"}],"up":[{"embeddable":true,"href":"https:\/\/rotgockel.de\/index.php?rest_route=\/wp\/v2\/pages\/35"}],"wp:attachment":[{"href":"https:\/\/rotgockel.de\/index.php?rest_route=%2Fwp%2Fv2%2Fmedia&parent=70"}],"curies":[{"name":"wp","href":"https:\/\/api.w.org\/{rel}","templated":true}]}}