{"id":72,"date":"2016-08-18T19:19:08","date_gmt":"2016-08-18T17:19:08","guid":{"rendered":"http:\/\/mf-oetlingen.de\/?page_id=72"},"modified":"2025-12-07T19:13:50","modified_gmt":"2025-12-07T18:13:50","slug":"in-memoriam","status":"publish","type":"page","link":"https:\/\/rotgockel.de\/?page_id=72","title":{"rendered":"In Memoriam"},"content":{"rendered":"\n<p>Am <strong>25. September 2025<\/strong> hat uns die traurige Nachricht erreicht, dass unser Vereinsmitglied Oliver v\u00f6llig \u00fcberraschend und unerwartet verstorben ist.<\/p>\n\n\n<div class=\"wp-block-image\">\n<figure class=\"aligncenter size-medium\"><img loading=\"lazy\" decoding=\"async\" width=\"300\" height=\"300\" src=\"https:\/\/rotgockel.de\/wp-content\/uploads\/2025\/10\/Rotgockel_Oliver-300x300.jpg\" alt=\"\" class=\"wp-image-3923\" srcset=\"https:\/\/rotgockel.de\/wp-content\/uploads\/2025\/10\/Rotgockel_Oliver-300x300.jpg 300w, https:\/\/rotgockel.de\/wp-content\/uploads\/2025\/10\/Rotgockel_Oliver-1024x1024.jpg 1024w, https:\/\/rotgockel.de\/wp-content\/uploads\/2025\/10\/Rotgockel_Oliver-150x150.jpg 150w, https:\/\/rotgockel.de\/wp-content\/uploads\/2025\/10\/Rotgockel_Oliver-768x768.jpg 768w, https:\/\/rotgockel.de\/wp-content\/uploads\/2025\/10\/Rotgockel_Oliver-1536x1536.jpg 1536w, https:\/\/rotgockel.de\/wp-content\/uploads\/2025\/10\/Rotgockel_Oliver.jpg 1551w\" sizes=\"auto, (max-width: 300px) 100vw, 300px\" \/><\/figure>\n<\/div>\n\n\n<p><\/p>\n\n\n\n<p>Oliver war nicht nur ein begeisterter Motorradfahrer, sondern vor allem ein gesch\u00e4tzter Freund und treuer Wegbegleiter. Mit seiner offenen Art, seinem Humor und seinem herzlichen Wesen hat er unseren Verein bereichert und viele gemeinsame Stunden zu etwas Besonderem gemacht.<\/p>\n\n\n\n<p>Wir werden Oliver in ehrender Erinnerung behalten \u2013 als Freund, Kameraden und Motorradfahrer, der mit uns viele unvergessliche Momente geteilt hat.<\/p>\n\n\n\n<hr class=\"wp-block-separator has-alpha-channel-opacity\"\/>\n\n\n\n<p>Pl\u00f6tzlich und unerwartet hat uns im August 2022 die traurige Nachricht erreicht, dass unser Freund und Mitglied Dietmar seinen letzten Weg angetreten hat. <\/p>\n\n\n<div class=\"wp-block-image\">\n<figure class=\"aligncenter size-large is-resized\"><img loading=\"lazy\" decoding=\"async\" width=\"684\" height=\"1024\" src=\"https:\/\/rotgockel.de\/wp-content\/uploads\/2022\/08\/Dietmar-684x1024.jpeg\" alt=\"Dietmar\" class=\"wp-image-3444\" style=\"width:342px;height:512px\"\/><\/figure>\n<\/div>\n\n\n<blockquote class=\"wp-block-quote is-layout-flow wp-block-quote-is-layout-flow\">\n<p><em>\u201eNur wenige Menschen sind wirklich lebendig und die, die es sind, sterben nie. Es z\u00e4hlt nicht, dass sie nicht mehr da sind. Niemand, den man wirklich liebt, ist jemals tot.\u201c<\/em><\/p>\n<cite>Ernest Hemingway<\/cite><\/blockquote>\n\n\n\n<p><strong>Gone but never forgotten!<\/strong><\/p>\n\n\n\n<hr class=\"wp-block-separator has-alpha-channel-opacity\"\/>\n\n\n\n<p>Wie soll man dem Tod begegnen,<br>wenn er vor der T\u00fcre steht?<br>Soll man hoffen, soll man beten,<br>flehen, da\u00df er weitergeht?<\/p>\n\n\n\n<p>Ja! Er soll nur weitergehen \u2013<br>denkt man und vergi\u00dft dabei,<br>da\u00df nur der Tod kann es verstehen,<br>wenn einer sagt: Ich bin soweit.<\/p>\n\n\n\n<p>Ist es auch schwer, Sie geh\u2019n zu lassen,<br>den Menschen, der so nah uns stand,<br>wollen wir uns doch in Schweigen fassen:<br>Gott nahm Sie still an seine Hand.<\/p>\n\n\n\n<p>Die Motorradfreunde \u00d6tlingen trauern um ihr&nbsp; Mitglied Elisabeth Rempfer.<\/p>\n\n\n\n<p>Unser volles&nbsp; Mitgef\u00fchl geh\u00f6rt&nbsp; allen Angeh\u00f6rigen und Verwanden.<\/p>\n\n\n\n<figure class=\"wp-block-image\"><img loading=\"lazy\" decoding=\"async\" width=\"300\" height=\"193\" src=\"http:\/\/mf-oetlingen.de\/wp-content\/uploads\/2016\/08\/Elli-Rempfer-300x193.jpg\" alt=\"Elli Rempfer\" class=\"wp-image-189\" srcset=\"https:\/\/rotgockel.de\/wp-content\/uploads\/2016\/08\/Elli-Rempfer-300x193.jpg 300w, https:\/\/rotgockel.de\/wp-content\/uploads\/2016\/08\/Elli-Rempfer.jpg 552w\" sizes=\"auto, (max-width: 300px) 100vw, 300px\" \/><\/figure>\n\n\n\n<hr class=\"wp-block-separator has-alpha-channel-opacity\"\/>\n\n\n\n<p>Gerhard ist Sein Name und hat die Bedeutung \u201c Der K\u00fchne mit dem Speer \u201c<br>Das Du gegangen f\u00e4llt uns allen schwer.<br>Er war hart im Nehmen und ertrug viel Schmerz.<br>Niemals beklagte er sich und hatte ein gro\u00dfes Herz.<br>Jeder der Ihn kannte wusste er ist stur, doch dies lag bei Gege in seiner Natur.<br>Immer ein Spruch parat das war normal und manche Spr\u00fcche waren ph\u00e4nomenal.<br>Nun ist er gegangen Weit fort von hier.<br>Trauer, Tr\u00e4nen und eine gro\u00dfe L\u00fccke lies er hier.<br>Doch in Wirklichkeit bist Du nie weg, den in unseren Herzen geht weiter Dein Weg.<br>Deshalb ist er f\u00fcr alle Ewigkeit hier, Gerhard ist Sein Name und hat die Bedeutung \u201eDer K\u00fchne mit dem Speer\u201c<\/p>\n\n\n\n<p>Die Motorradfreunde \u00d6tlingen trauern um ihr Gr\u00fcndungsmitglied Gerhard Buchner.<\/p>\n\n\n\n<p>Viel zu fr\u00fch und v\u00f6llig unerwartet, ist Gerhard Buchner am 15.08.10 verstorben.<\/p>\n\n\n\n<p>Unser volles&nbsp; Mitgef\u00fchl geh\u00f6rt Alexandra, sowie den Kindern Corinna und Stephanie mit allen Angeh\u00f6rigen.<\/p>\n\n\n\n<p>Sein Platz wird immer in unseren Herzen sein.<\/p>\n\n\n\n<p>In gro\u00dfer Trauer<\/p>\n\n\n\n<p>Motorradfreunde \u00d6tlingen 2006. e.V.<\/p>\n\n\n\n<figure class=\"wp-block-image\"><img loading=\"lazy\" decoding=\"async\" width=\"199\" height=\"300\" src=\"http:\/\/mf-oetlingen.de\/wp-content\/uploads\/2016\/08\/Gerhard-Buchner-199x300.jpg\" alt=\"Gerhard Buchner\" class=\"wp-image-190\" srcset=\"https:\/\/rotgockel.de\/wp-content\/uploads\/2016\/08\/Gerhard-Buchner-199x300.jpg 199w, https:\/\/rotgockel.de\/wp-content\/uploads\/2016\/08\/Gerhard-Buchner.jpg 311w\" sizes=\"auto, (max-width: 199px) 100vw, 199px\" \/><\/figure>\n\n\n\n<hr class=\"wp-block-separator has-alpha-channel-opacity\"\/>\n\n\n\n<p>Wo Worte fehlen, dass Unbeschreibliche zu beschreiben,<\/p>\n\n\n\n<p>wo Augen versagen, dass Unabwendbare zu sehen, wo die H\u00e4nde das Unbegreifliche nicht fassen k\u00f6nnen, bleibt einzig die Gewissheit, dass Du immer in unseren Herzen fortleben wirst.<\/p>\n\n\n\n<p>Die Motorradfreunde \u00d6tlingen trauern um ihr Gr\u00fcndungsmitglied Uwe Rempfer.<\/p>\n\n\n\n<p>Nach langer schwerer Krankheit verstarb Uwe am Mittwoch den 11.03.09. Unser Mitgef\u00fchl gilt seiner Frau Eli und seinen Angeh\u00f6rigen. In unseren Herzen wird Uwe ewig weiterleben.<\/p>\n\n\n\n<p>In Gro\u00dfer Trauer<\/p>\n\n\n\n<p>Motorradfreunde \u00d6tlingen 2006 e.V.<\/p>\n\n\n\n<figure class=\"wp-block-image\"><img loading=\"lazy\" decoding=\"async\" width=\"300\" height=\"226\" src=\"http:\/\/mf-oetlingen.de\/wp-content\/uploads\/2016\/08\/Uwe-Rempfer-300x226.jpg\" alt=\"Uwe Rempfer\" class=\"wp-image-191\" srcset=\"https:\/\/rotgockel.de\/wp-content\/uploads\/2016\/08\/Uwe-Rempfer-300x226.jpg 300w, https:\/\/rotgockel.de\/wp-content\/uploads\/2016\/08\/Uwe-Rempfer.jpg 420w\" sizes=\"auto, (max-width: 300px) 100vw, 300px\" \/><\/figure>\n","protected":false},"excerpt":{"rendered":"<p>Am 25. September 2025 hat uns die traurige Nachricht erreicht, dass unser Vereinsmitglied Oliver v\u00f6llig \u00fcberraschend und unerwartet verstorben ist. Oliver war nicht nur ein begeisterter Motorradfahrer, sondern vor allem ein gesch\u00e4tzter Freund und treuer Wegbegleiter. Mit seiner offenen Art, seinem Humor und seinem herzlichen Wesen hat er unseren Verein bereichert und viele gemeinsame Stunden zu etwas Besonderem gemacht. Wir werden Oliver in ehrender Erinnerung behalten \u2013 als Freund, Kameraden und Motorradfahrer, der mit uns viele unvergessliche Momente geteilt hat. Pl\u00f6tzlich und unerwartet hat uns im August 2022 die traurige Nachricht erreicht, dass unser Freund und Mitglied Dietmar seinen letzten Weg angetreten hat. \u201eNur wenige Menschen sind wirklich lebendig und die, die es sind, sterben nie. Es z\u00e4hlt nicht, dass sie nicht mehr da sind. Niemand, den man wirklich liebt, ist jemals tot.\u201c Ernest Hemingway Gone but never forgotten! Wie soll man dem Tod begegnen,wenn er vor der T\u00fcre steht?Soll man hoffen, soll man beten,flehen, da\u00df er weitergeht? Ja! Er soll nur weitergehen \u2013denkt man und vergi\u00dft dabei,da\u00df nur der Tod kann es verstehen,wenn einer sagt: Ich bin soweit. Ist es auch schwer, Sie geh\u2019n zu lassen,den Menschen, der so nah uns stand,wollen wir uns doch in Schweigen fassen:Gott nahm \u2026<\/p>\n<p class=\"continue-reading-button\"> <a class=\"continue-reading-link\" href=\"https:\/\/rotgockel.de\/?page_id=72\">Hier weiterlesen<i class=\"crycon-right-dir\"><\/i><\/a><\/p>\n","protected":false},"author":1,"featured_media":0,"parent":35,"menu_order":0,"comment_status":"closed","ping_status":"closed","template":"","meta":{"footnotes":""},"class_list":["post-72","page","type-page","status-publish","hentry"],"yoast_head":"<!-- This site is optimized with the Yoast SEO plugin v27.2 - https:\/\/yoast.com\/product\/yoast-seo-wordpress\/ -->\n<title>In Memoriam - Motorradfreunde \u00d6tlingen 2006 e.V.<\/title>\n<meta name=\"robots\" content=\"index, follow, max-snippet:-1, max-image-preview:large, max-video-preview:-1\" \/>\n<link rel=\"canonical\" href=\"https:\/\/rotgockel.de\/?page_id=72\" \/>\n<meta property=\"og:locale\" content=\"de_DE\" \/>\n<meta property=\"og:type\" content=\"article\" \/>\n<meta property=\"og:title\" content=\"In Memoriam - Motorradfreunde \u00d6tlingen 2006 e.V.\" \/>\n<meta property=\"og:description\" content=\"Am 25. September 2025 hat uns die traurige Nachricht erreicht, dass unser Vereinsmitglied Oliver v\u00f6llig \u00fcberraschend und unerwartet verstorben ist. Oliver war nicht nur ein begeisterter Motorradfahrer, sondern vor allem ein gesch\u00e4tzter Freund und treuer Wegbegleiter. Mit seiner offenen Art, seinem Humor und seinem herzlichen Wesen hat er unseren Verein bereichert und viele gemeinsame Stunden zu etwas Besonderem gemacht. Wir werden Oliver in ehrender Erinnerung behalten \u2013 als Freund, Kameraden und Motorradfahrer, der mit uns viele unvergessliche Momente geteilt hat. Pl\u00f6tzlich und unerwartet hat uns im August 2022 die traurige Nachricht erreicht, dass unser Freund und Mitglied Dietmar seinen letzten Weg angetreten hat. \u201eNur wenige Menschen sind wirklich lebendig und die, die es sind, sterben nie. Es z\u00e4hlt nicht, dass sie nicht mehr da sind. Niemand, den man wirklich liebt, ist jemals tot.\u201c Ernest Hemingway Gone but never forgotten! Wie soll man dem Tod begegnen,wenn er vor der T\u00fcre steht?Soll man hoffen, soll man beten,flehen, da\u00df er weitergeht? Ja! Er soll nur weitergehen \u2013denkt man und vergi\u00dft dabei,da\u00df nur der Tod kann es verstehen,wenn einer sagt: Ich bin soweit. Ist es auch schwer, Sie geh\u2019n zu lassen,den Menschen, der so nah uns stand,wollen wir uns doch in Schweigen fassen:Gott nahm \u2026 Hier weiterlesen\" \/>\n<meta property=\"og:url\" content=\"https:\/\/rotgockel.de\/?page_id=72\" \/>\n<meta property=\"og:site_name\" content=\"Motorradfreunde \u00d6tlingen 2006 e.V.\" \/>\n<meta property=\"article:publisher\" content=\"https:\/\/www.facebook.com\/groups\/566248620159168\/\" \/>\n<meta property=\"article:modified_time\" content=\"2025-12-07T18:13:50+00:00\" \/>\n<meta property=\"og:image\" content=\"https:\/\/rotgockel.de\/wp-content\/uploads\/2025\/10\/Rotgockel_Oliver.jpg\" \/>\n\t<meta property=\"og:image:width\" content=\"1551\" \/>\n\t<meta property=\"og:image:height\" content=\"1551\" \/>\n\t<meta property=\"og:image:type\" content=\"image\/jpeg\" \/>\n<meta name=\"twitter:card\" content=\"summary_large_image\" \/>\n<meta name=\"twitter:label1\" content=\"Gesch\u00e4tzte Lesezeit\" \/>\n\t<meta name=\"twitter:data1\" content=\"4\u00a0Minuten\" \/>\n<script type=\"application\/ld+json\" class=\"yoast-schema-graph\">{\"@context\":\"https:\/\/schema.org\",\"@graph\":[{\"@type\":\"WebPage\",\"@id\":\"https:\/\/rotgockel.de\/?page_id=72\",\"url\":\"https:\/\/rotgockel.de\/?page_id=72\",\"name\":\"In Memoriam - Motorradfreunde \u00d6tlingen 2006 e.V.\",\"isPartOf\":{\"@id\":\"https:\/\/rotgockel.de\/#website\"},\"primaryImageOfPage\":{\"@id\":\"https:\/\/rotgockel.de\/?page_id=72#primaryimage\"},\"image\":{\"@id\":\"https:\/\/rotgockel.de\/?page_id=72#primaryimage\"},\"thumbnailUrl\":\"https:\/\/rotgockel.de\/wp-content\/uploads\/2025\/10\/Rotgockel_Oliver-300x300.jpg\",\"datePublished\":\"2016-08-18T17:19:08+00:00\",\"dateModified\":\"2025-12-07T18:13:50+00:00\",\"breadcrumb\":{\"@id\":\"https:\/\/rotgockel.de\/?page_id=72#breadcrumb\"},\"inLanguage\":\"de\",\"potentialAction\":[{\"@type\":\"ReadAction\",\"target\":[\"https:\/\/rotgockel.de\/?page_id=72\"]}]},{\"@type\":\"ImageObject\",\"inLanguage\":\"de\",\"@id\":\"https:\/\/rotgockel.de\/?page_id=72#primaryimage\",\"url\":\"https:\/\/rotgockel.de\/wp-content\/uploads\/2025\/10\/Rotgockel_Oliver.jpg\",\"contentUrl\":\"https:\/\/rotgockel.de\/wp-content\/uploads\/2025\/10\/Rotgockel_Oliver.jpg\",\"width\":1551,\"height\":1551},{\"@type\":\"BreadcrumbList\",\"@id\":\"https:\/\/rotgockel.de\/?page_id=72#breadcrumb\",\"itemListElement\":[{\"@type\":\"ListItem\",\"position\":1,\"name\":\"Startseite\",\"item\":\"https:\/\/rotgockel.de\/\"},{\"@type\":\"ListItem\",\"position\":2,\"name\":\"\u00dcber uns\",\"item\":\"https:\/\/rotgockel.de\/?page_id=35\"},{\"@type\":\"ListItem\",\"position\":3,\"name\":\"In Memoriam\"}]},{\"@type\":\"WebSite\",\"@id\":\"https:\/\/rotgockel.de\/#website\",\"url\":\"https:\/\/rotgockel.de\/\",\"name\":\"Motorradfreunde \u00d6tlingen 2006 e.V.\",\"description\":\"\",\"potentialAction\":[{\"@type\":\"SearchAction\",\"target\":{\"@type\":\"EntryPoint\",\"urlTemplate\":\"https:\/\/rotgockel.de\/?s={search_term_string}\"},\"query-input\":{\"@type\":\"PropertyValueSpecification\",\"valueRequired\":true,\"valueName\":\"search_term_string\"}}],\"inLanguage\":\"de\"}]}<\/script>\n<!-- \/ Yoast SEO plugin. -->","yoast_head_json":{"title":"In Memoriam - Motorradfreunde \u00d6tlingen 2006 e.V.","robots":{"index":"index","follow":"follow","max-snippet":"max-snippet:-1","max-image-preview":"max-image-preview:large","max-video-preview":"max-video-preview:-1"},"canonical":"https:\/\/rotgockel.de\/?page_id=72","og_locale":"de_DE","og_type":"article","og_title":"In Memoriam - Motorradfreunde \u00d6tlingen 2006 e.V.","og_description":"Am 25. September 2025 hat uns die traurige Nachricht erreicht, dass unser Vereinsmitglied Oliver v\u00f6llig \u00fcberraschend und unerwartet verstorben ist. Oliver war nicht nur ein begeisterter Motorradfahrer, sondern vor allem ein gesch\u00e4tzter Freund und treuer Wegbegleiter. Mit seiner offenen Art, seinem Humor und seinem herzlichen Wesen hat er unseren Verein bereichert und viele gemeinsame Stunden zu etwas Besonderem gemacht. Wir werden Oliver in ehrender Erinnerung behalten \u2013 als Freund, Kameraden und Motorradfahrer, der mit uns viele unvergessliche Momente geteilt hat. Pl\u00f6tzlich und unerwartet hat uns im August 2022 die traurige Nachricht erreicht, dass unser Freund und Mitglied Dietmar seinen letzten Weg angetreten hat. \u201eNur wenige Menschen sind wirklich lebendig und die, die es sind, sterben nie. Es z\u00e4hlt nicht, dass sie nicht mehr da sind. Niemand, den man wirklich liebt, ist jemals tot.\u201c Ernest Hemingway Gone but never forgotten! Wie soll man dem Tod begegnen,wenn er vor der T\u00fcre steht?Soll man hoffen, soll man beten,flehen, da\u00df er weitergeht? Ja! Er soll nur weitergehen \u2013denkt man und vergi\u00dft dabei,da\u00df nur der Tod kann es verstehen,wenn einer sagt: Ich bin soweit. Ist es auch schwer, Sie geh\u2019n zu lassen,den Menschen, der so nah uns stand,wollen wir uns doch in Schweigen fassen:Gott nahm \u2026 Hier weiterlesen","og_url":"https:\/\/rotgockel.de\/?page_id=72","og_site_name":"Motorradfreunde \u00d6tlingen 2006 e.V.","article_publisher":"https:\/\/www.facebook.com\/groups\/566248620159168\/","article_modified_time":"2025-12-07T18:13:50+00:00","og_image":[{"width":1551,"height":1551,"url":"https:\/\/rotgockel.de\/wp-content\/uploads\/2025\/10\/Rotgockel_Oliver.jpg","type":"image\/jpeg"}],"twitter_card":"summary_large_image","twitter_misc":{"Gesch\u00e4tzte Lesezeit":"4\u00a0Minuten"},"schema":{"@context":"https:\/\/schema.org","@graph":[{"@type":"WebPage","@id":"https:\/\/rotgockel.de\/?page_id=72","url":"https:\/\/rotgockel.de\/?page_id=72","name":"In Memoriam - Motorradfreunde \u00d6tlingen 2006 e.V.","isPartOf":{"@id":"https:\/\/rotgockel.de\/#website"},"primaryImageOfPage":{"@id":"https:\/\/rotgockel.de\/?page_id=72#primaryimage"},"image":{"@id":"https:\/\/rotgockel.de\/?page_id=72#primaryimage"},"thumbnailUrl":"https:\/\/rotgockel.de\/wp-content\/uploads\/2025\/10\/Rotgockel_Oliver-300x300.jpg","datePublished":"2016-08-18T17:19:08+00:00","dateModified":"2025-12-07T18:13:50+00:00","breadcrumb":{"@id":"https:\/\/rotgockel.de\/?page_id=72#breadcrumb"},"inLanguage":"de","potentialAction":[{"@type":"ReadAction","target":["https:\/\/rotgockel.de\/?page_id=72"]}]},{"@type":"ImageObject","inLanguage":"de","@id":"https:\/\/rotgockel.de\/?page_id=72#primaryimage","url":"https:\/\/rotgockel.de\/wp-content\/uploads\/2025\/10\/Rotgockel_Oliver.jpg","contentUrl":"https:\/\/rotgockel.de\/wp-content\/uploads\/2025\/10\/Rotgockel_Oliver.jpg","width":1551,"height":1551},{"@type":"BreadcrumbList","@id":"https:\/\/rotgockel.de\/?page_id=72#breadcrumb","itemListElement":[{"@type":"ListItem","position":1,"name":"Startseite","item":"https:\/\/rotgockel.de\/"},{"@type":"ListItem","position":2,"name":"\u00dcber uns","item":"https:\/\/rotgockel.de\/?page_id=35"},{"@type":"ListItem","position":3,"name":"In Memoriam"}]},{"@type":"WebSite","@id":"https:\/\/rotgockel.de\/#website","url":"https:\/\/rotgockel.de\/","name":"Motorradfreunde \u00d6tlingen 2006 e.V.","description":"","potentialAction":[{"@type":"SearchAction","target":{"@type":"EntryPoint","urlTemplate":"https:\/\/rotgockel.de\/?s={search_term_string}"},"query-input":{"@type":"PropertyValueSpecification","valueRequired":true,"valueName":"search_term_string"}}],"inLanguage":"de"}]}},"_links":{"self":[{"href":"https:\/\/rotgockel.de\/index.php?rest_route=\/wp\/v2\/pages\/72","targetHints":{"allow":["GET"]}}],"collection":[{"href":"https:\/\/rotgockel.de\/index.php?rest_route=\/wp\/v2\/pages"}],"about":[{"href":"https:\/\/rotgockel.de\/index.php?rest_route=\/wp\/v2\/types\/page"}],"author":[{"embeddable":true,"href":"https:\/\/rotgockel.de\/index.php?rest_route=\/wp\/v2\/users\/1"}],"replies":[{"embeddable":true,"href":"https:\/\/rotgockel.de\/index.php?rest_route=%2Fwp%2Fv2%2Fcomments&post=72"}],"version-history":[{"count":5,"href":"https:\/\/rotgockel.de\/index.php?rest_route=\/wp\/v2\/pages\/72\/revisions"}],"predecessor-version":[{"id":3987,"href":"https:\/\/rotgockel.de\/index.php?rest_route=\/wp\/v2\/pages\/72\/revisions\/3987"}],"up":[{"embeddable":true,"href":"https:\/\/rotgockel.de\/index.php?rest_route=\/wp\/v2\/pages\/35"}],"wp:attachment":[{"href":"https:\/\/rotgockel.de\/index.php?rest_route=%2Fwp%2Fv2%2Fmedia&parent=72"}],"curies":[{"name":"wp","href":"https:\/\/api.w.org\/{rel}","templated":true}]}}