{"id":74,"date":"2016-08-18T19:19:30","date_gmt":"2016-08-18T17:19:30","guid":{"rendered":"http:\/\/mf-oetlingen.de\/?page_id=74"},"modified":"2016-09-14T20:20:04","modified_gmt":"2016-09-14T18:20:04","slug":"stammtisch","status":"publish","type":"page","link":"https:\/\/rotgockel.de\/?page_id=74","title":{"rendered":"Stammtisch"},"content":{"rendered":"<p>Wir treffen uns an jedem ersten Samstag des Monats zum Stammtisch ab 19:00 Uhr. Zum Stammtisch sind uns G\u00e4ste und Besucher immer willkommen und wer wei\u00df \u2013 vielleicht wird ja auch mehr daraus.<\/p>\n<p>Au\u00dferdem haben wir an jedem Freitag ab 19:00 Uhr f\u00fcr Mitglieder, G\u00e4ste und Besucher ge\u00f6ffnet.<\/p>\n<p><img loading=\"lazy\" decoding=\"async\" class=\"alignnone size-medium wp-image-82\" src=\"http:\/\/mf-oetlingen.de\/wp-content\/uploads\/2016\/08\/Oeffnungszeiten-Rotgockel-2014-12-300x120.jpg\" alt=\"Oeffnungszeiten-Rotgockel-2014-12\" width=\"300\" height=\"120\" srcset=\"https:\/\/rotgockel.de\/wp-content\/uploads\/2016\/08\/Oeffnungszeiten-Rotgockel-2014-12-300x120.jpg 300w, https:\/\/rotgockel.de\/wp-content\/uploads\/2016\/08\/Oeffnungszeiten-Rotgockel-2014-12.jpg 640w\" sizes=\"auto, (max-width: 300px) 100vw, 300px\" \/><\/p>\n<p>Vereinsheim der Motorradfreunde \u00d6tlingen 2006 e.V.<br \/>\nOrt: Bahnhof,\u00a0Uracherstr.71\u00a0in 73230 Kirchheim\/Teck Stadtteil \u00d6tlingen.<\/p>\n<div id=\"wpgmza_map\" class=\"wpgmza_map\" data-settings='{\"id\":\"1\",\"map_title\":\"Motorradfreunde \\u00d6tlingen 2006 e.V.\",\"map_width\":\"100\",\"map_height\":\"400\",\"map_start_lat\":\"48.657378\",\"map_start_lng\":\"9.417933\",\"map_start_location\":\"48.657378,9.417932599999972\",\"map_start_zoom\":\"15\",\"default_marker\":\"0\",\"type\":\"1\",\"alignment\":\"1\",\"directions_enabled\":\"1\",\"styling_enabled\":\"0\",\"styling_json\":\"\",\"active\":\"0\",\"kml\":\"\",\"bicycle\":\"0\",\"traffic\":\"0\",\"dbox\":\"1\",\"dbox_width\":\"100\",\"listmarkers\":\"0\",\"listmarkers_advanced\":\"0\",\"filterbycat\":\"0\",\"ugm_enabled\":\"0\",\"ugm_category_enabled\":\"0\",\"fusion\":\"\",\"map_width_type\":\"\\\\%\",\"map_height_type\":\"px\",\"mass_marker_support\":\"1\",\"ugm_access\":\"0\",\"order_markers_by\":\"1\",\"order_markers_choice\":\"2\",\"show_user_location\":\"0\",\"default_to\":\"\",\"other_settings\":{\"store_locator_enabled\":2,\"store_locator_distance\":2,\"store_locator_bounce\":1,\"store_locator_query_string\":\"ZIP \\\/ Address:\",\"wpgmza_store_locator_restrict\":\"\",\"map_max_zoom\":\"1\",\"transport_layer\":0,\"wpgmza_theme_data\":\"\"}}' data-map-id='1' Data-maps-engine='' data-shortcode-attributes='{\"id\":\"1\"}' style=\"display:block; overflow:auto; width:100%; height:400px; float:left;\"><\/div>\n","protected":false},"excerpt":{"rendered":"<p>Wir treffen uns an jedem ersten Samstag des Monats zum Stammtisch ab 19:00 Uhr. Zum Stammtisch sind uns G\u00e4ste und Besucher immer willkommen und wer wei\u00df \u2013 vielleicht wird ja auch mehr daraus. Au\u00dferdem haben wir an jedem Freitag ab 19:00 Uhr f\u00fcr Mitglieder, G\u00e4ste und Besucher ge\u00f6ffnet. Vereinsheim der Motorradfreunde \u00d6tlingen 2006 e.V. Ort: Bahnhof,\u00a0Uracherstr.71\u00a0in 73230 Kirchheim\/Teck Stadtteil \u00d6tlingen.<\/p>\n<p class=\"continue-reading-button\"> <a class=\"continue-reading-link\" href=\"https:\/\/rotgockel.de\/?page_id=74\">Hier weiterlesen<i class=\"crycon-right-dir\"><\/i><\/a><\/p>\n","protected":false},"author":1,"featured_media":0,"parent":0,"menu_order":0,"comment_status":"closed","ping_status":"closed","template":"","meta":{"footnotes":""},"class_list":["post-74","page","type-page","status-publish","hentry"],"yoast_head":"<!-- This site is optimized with the Yoast SEO plugin v27.2 - https:\/\/yoast.com\/product\/yoast-seo-wordpress\/ -->\n<title>Stammtisch - Motorradfreunde \u00d6tlingen 2006 e.V.<\/title>\n<meta name=\"robots\" content=\"index, follow, max-snippet:-1, max-image-preview:large, max-video-preview:-1\" \/>\n<link rel=\"canonical\" href=\"https:\/\/rotgockel.de\/?page_id=74\" \/>\n<meta property=\"og:locale\" content=\"de_DE\" \/>\n<meta property=\"og:type\" content=\"article\" \/>\n<meta property=\"og:title\" content=\"Stammtisch - Motorradfreunde \u00d6tlingen 2006 e.V.\" \/>\n<meta property=\"og:description\" content=\"Wir treffen uns an jedem ersten Samstag des Monats zum Stammtisch ab 19:00 Uhr. Zum Stammtisch sind uns G\u00e4ste und Besucher immer willkommen und wer wei\u00df \u2013 vielleicht wird ja auch mehr daraus. Au\u00dferdem haben wir an jedem Freitag ab 19:00 Uhr f\u00fcr Mitglieder, G\u00e4ste und Besucher ge\u00f6ffnet. Vereinsheim der Motorradfreunde \u00d6tlingen 2006 e.V. Ort: Bahnhof,\u00a0Uracherstr.71\u00a0in 73230 Kirchheim\/Teck Stadtteil \u00d6tlingen. Hier weiterlesen\" \/>\n<meta property=\"og:url\" content=\"https:\/\/rotgockel.de\/?page_id=74\" \/>\n<meta property=\"og:site_name\" content=\"Motorradfreunde \u00d6tlingen 2006 e.V.\" \/>\n<meta property=\"article:publisher\" content=\"https:\/\/www.facebook.com\/groups\/566248620159168\/\" \/>\n<meta property=\"article:modified_time\" content=\"2016-09-14T18:20:04+00:00\" \/>\n<meta property=\"og:image\" content=\"http:\/\/mf-oetlingen.de\/wp-content\/uploads\/2016\/08\/Oeffnungszeiten-Rotgockel-2014-12-300x120.jpg\" \/>\n<meta name=\"twitter:card\" content=\"summary_large_image\" \/>\n<script type=\"application\/ld+json\" class=\"yoast-schema-graph\">{\"@context\":\"https:\/\/schema.org\",\"@graph\":[{\"@type\":\"WebPage\",\"@id\":\"https:\/\/rotgockel.de\/?page_id=74\",\"url\":\"https:\/\/rotgockel.de\/?page_id=74\",\"name\":\"Stammtisch - Motorradfreunde \u00d6tlingen 2006 e.V.\",\"isPartOf\":{\"@id\":\"https:\/\/rotgockel.de\/#website\"},\"primaryImageOfPage\":{\"@id\":\"https:\/\/rotgockel.de\/?page_id=74#primaryimage\"},\"image\":{\"@id\":\"https:\/\/rotgockel.de\/?page_id=74#primaryimage\"},\"thumbnailUrl\":\"http:\/\/mf-oetlingen.de\/wp-content\/uploads\/2016\/08\/Oeffnungszeiten-Rotgockel-2014-12-300x120.jpg\",\"datePublished\":\"2016-08-18T17:19:30+00:00\",\"dateModified\":\"2016-09-14T18:20:04+00:00\",\"breadcrumb\":{\"@id\":\"https:\/\/rotgockel.de\/?page_id=74#breadcrumb\"},\"inLanguage\":\"de\",\"potentialAction\":[{\"@type\":\"ReadAction\",\"target\":[\"https:\/\/rotgockel.de\/?page_id=74\"]}]},{\"@type\":\"ImageObject\",\"inLanguage\":\"de\",\"@id\":\"https:\/\/rotgockel.de\/?page_id=74#primaryimage\",\"url\":\"http:\/\/mf-oetlingen.de\/wp-content\/uploads\/2016\/08\/Oeffnungszeiten-Rotgockel-2014-12-300x120.jpg\",\"contentUrl\":\"http:\/\/mf-oetlingen.de\/wp-content\/uploads\/2016\/08\/Oeffnungszeiten-Rotgockel-2014-12-300x120.jpg\"},{\"@type\":\"BreadcrumbList\",\"@id\":\"https:\/\/rotgockel.de\/?page_id=74#breadcrumb\",\"itemListElement\":[{\"@type\":\"ListItem\",\"position\":1,\"name\":\"Startseite\",\"item\":\"https:\/\/rotgockel.de\/\"},{\"@type\":\"ListItem\",\"position\":2,\"name\":\"Stammtisch\"}]},{\"@type\":\"WebSite\",\"@id\":\"https:\/\/rotgockel.de\/#website\",\"url\":\"https:\/\/rotgockel.de\/\",\"name\":\"Motorradfreunde \u00d6tlingen 2006 e.V.\",\"description\":\"\",\"potentialAction\":[{\"@type\":\"SearchAction\",\"target\":{\"@type\":\"EntryPoint\",\"urlTemplate\":\"https:\/\/rotgockel.de\/?s={search_term_string}\"},\"query-input\":{\"@type\":\"PropertyValueSpecification\",\"valueRequired\":true,\"valueName\":\"search_term_string\"}}],\"inLanguage\":\"de\"}]}<\/script>\n<!-- \/ Yoast SEO plugin. -->","yoast_head_json":{"title":"Stammtisch - Motorradfreunde \u00d6tlingen 2006 e.V.","robots":{"index":"index","follow":"follow","max-snippet":"max-snippet:-1","max-image-preview":"max-image-preview:large","max-video-preview":"max-video-preview:-1"},"canonical":"https:\/\/rotgockel.de\/?page_id=74","og_locale":"de_DE","og_type":"article","og_title":"Stammtisch - Motorradfreunde \u00d6tlingen 2006 e.V.","og_description":"Wir treffen uns an jedem ersten Samstag des Monats zum Stammtisch ab 19:00 Uhr. Zum Stammtisch sind uns G\u00e4ste und Besucher immer willkommen und wer wei\u00df \u2013 vielleicht wird ja auch mehr daraus. Au\u00dferdem haben wir an jedem Freitag ab 19:00 Uhr f\u00fcr Mitglieder, G\u00e4ste und Besucher ge\u00f6ffnet. Vereinsheim der Motorradfreunde \u00d6tlingen 2006 e.V. Ort: Bahnhof,\u00a0Uracherstr.71\u00a0in 73230 Kirchheim\/Teck Stadtteil \u00d6tlingen. Hier weiterlesen","og_url":"https:\/\/rotgockel.de\/?page_id=74","og_site_name":"Motorradfreunde \u00d6tlingen 2006 e.V.","article_publisher":"https:\/\/www.facebook.com\/groups\/566248620159168\/","article_modified_time":"2016-09-14T18:20:04+00:00","og_image":[{"url":"http:\/\/mf-oetlingen.de\/wp-content\/uploads\/2016\/08\/Oeffnungszeiten-Rotgockel-2014-12-300x120.jpg","type":"","width":"","height":""}],"twitter_card":"summary_large_image","schema":{"@context":"https:\/\/schema.org","@graph":[{"@type":"WebPage","@id":"https:\/\/rotgockel.de\/?page_id=74","url":"https:\/\/rotgockel.de\/?page_id=74","name":"Stammtisch - Motorradfreunde \u00d6tlingen 2006 e.V.","isPartOf":{"@id":"https:\/\/rotgockel.de\/#website"},"primaryImageOfPage":{"@id":"https:\/\/rotgockel.de\/?page_id=74#primaryimage"},"image":{"@id":"https:\/\/rotgockel.de\/?page_id=74#primaryimage"},"thumbnailUrl":"http:\/\/mf-oetlingen.de\/wp-content\/uploads\/2016\/08\/Oeffnungszeiten-Rotgockel-2014-12-300x120.jpg","datePublished":"2016-08-18T17:19:30+00:00","dateModified":"2016-09-14T18:20:04+00:00","breadcrumb":{"@id":"https:\/\/rotgockel.de\/?page_id=74#breadcrumb"},"inLanguage":"de","potentialAction":[{"@type":"ReadAction","target":["https:\/\/rotgockel.de\/?page_id=74"]}]},{"@type":"ImageObject","inLanguage":"de","@id":"https:\/\/rotgockel.de\/?page_id=74#primaryimage","url":"http:\/\/mf-oetlingen.de\/wp-content\/uploads\/2016\/08\/Oeffnungszeiten-Rotgockel-2014-12-300x120.jpg","contentUrl":"http:\/\/mf-oetlingen.de\/wp-content\/uploads\/2016\/08\/Oeffnungszeiten-Rotgockel-2014-12-300x120.jpg"},{"@type":"BreadcrumbList","@id":"https:\/\/rotgockel.de\/?page_id=74#breadcrumb","itemListElement":[{"@type":"ListItem","position":1,"name":"Startseite","item":"https:\/\/rotgockel.de\/"},{"@type":"ListItem","position":2,"name":"Stammtisch"}]},{"@type":"WebSite","@id":"https:\/\/rotgockel.de\/#website","url":"https:\/\/rotgockel.de\/","name":"Motorradfreunde \u00d6tlingen 2006 e.V.","description":"","potentialAction":[{"@type":"SearchAction","target":{"@type":"EntryPoint","urlTemplate":"https:\/\/rotgockel.de\/?s={search_term_string}"},"query-input":{"@type":"PropertyValueSpecification","valueRequired":true,"valueName":"search_term_string"}}],"inLanguage":"de"}]}},"_links":{"self":[{"href":"https:\/\/rotgockel.de\/index.php?rest_route=\/wp\/v2\/pages\/74","targetHints":{"allow":["GET"]}}],"collection":[{"href":"https:\/\/rotgockel.de\/index.php?rest_route=\/wp\/v2\/pages"}],"about":[{"href":"https:\/\/rotgockel.de\/index.php?rest_route=\/wp\/v2\/types\/page"}],"author":[{"embeddable":true,"href":"https:\/\/rotgockel.de\/index.php?rest_route=\/wp\/v2\/users\/1"}],"replies":[{"embeddable":true,"href":"https:\/\/rotgockel.de\/index.php?rest_route=%2Fwp%2Fv2%2Fcomments&post=74"}],"version-history":[{"count":7,"href":"https:\/\/rotgockel.de\/index.php?rest_route=\/wp\/v2\/pages\/74\/revisions"}],"predecessor-version":[{"id":1575,"href":"https:\/\/rotgockel.de\/index.php?rest_route=\/wp\/v2\/pages\/74\/revisions\/1575"}],"wp:attachment":[{"href":"https:\/\/rotgockel.de\/index.php?rest_route=%2Fwp%2Fv2%2Fmedia&parent=74"}],"curies":[{"name":"wp","href":"https:\/\/api.w.org\/{rel}","templated":true}]}}